{"id":471,"date":"2017-04-20T12:26:41","date_gmt":"2017-04-20T11:26:41","guid":{"rendered":"https:\/\/bromogroup.eu\/?page_id=471"},"modified":"2023-05-05T20:18:20","modified_gmt":"2023-05-05T19:18:20","slug":"produits","status":"publish","type":"page","link":"https:\/\/bromogroup.eu\/fr\/produits","title":{"rendered":"Produits"},"content":{"rendered":"[mk_page_section bg_image=\u00a0\u00bbhttps:\/\/bromogroup.eu\/wp-content\/uploads\/2023\/01\/cleaning-solution-inspection.jpg\u00a0\u00bb bg_image_portrait=\u00a0\u00bbhttps:\/\/bromogroup.eu\/wp-content\/uploads\/2023\/01\/cleaning-solution-inspection.jpg\u00a0\u00bb bg_position=\u00a0\u00bbcenter center\u00a0\u00bb bg_repeat=\u00a0\u00bbno-repeat\u00a0\u00bb bg_stretch=\u00a0\u00bbtrue\u00a0\u00bb video_color_mask=\u00a0\u00bb#000000&Prime; min_height=\u00a0\u00bb650&Prime; js_vertical_centered=\u00a0\u00bbtrue\u00a0\u00bb sidebar=\u00a0\u00bbsidebar-1&Prime;][vc_column][mk_fancy_title tag_name=\u00a0\u00bbh1&Prime; color=\u00a0\u00bb#ffffff\u00a0\u00bb size=\u00a0\u00bb62&Prime; force_font_size=\u00a0\u00bbtrue\u00a0\u00bb size_tablet=\u00a0\u00bb42&Prime; font_weight=\u00a0\u00bb500&Prime; txt_transform=\u00a0\u00bbcapitalize\u00a0\u00bb font_family=\u00a0\u00bbnone\u00a0\u00bb align=\u00a0\u00bbcenter\u00a0\u00bb]Produits[\/mk_fancy_title][\/vc_column][\/mk_page_section][mk_page_section bg_color=\u00a0\u00bb#f6f6f6&Prime; padding_top=\u00a0\u00bb150&Prime; padding_bottom=\u00a0\u00bb150&Prime; sidebar=\u00a0\u00bbsidebar-1&Prime;][vc_column width=\u00a0\u00bb5\/12&Prime;][mk_fancy_title tag_name=\u00a0\u00bbh3&Prime; color=\u00a0\u00bb#070707&Prime; size=\u00a0\u00bb18&Prime; font_weight=\u00a0\u00bbbold\u00a0\u00bb txt_transform=\u00a0\u00bbuppercase\u00a0\u00bb letter_spacing=\u00a0\u00bb1&Prime; margin_bottom=\u00a0\u00bb0&Prime; font_family=\u00a0\u00bbnone\u00a0\u00bb]\n<div><span lang=\"fr\">UNIQUE<\/span><\/div>\n[\/mk_fancy_title][vc_column_text css=\u00a0\u00bb.vc_custom_1683314186747{margin-bottom: 0px !important;}\u00a0\u00bb]Nous sommes fiers de proposer une solution de nettoyage absolument unique. Notre formule exclusive garantit un nettoyage efficace de toutes les taches, marques et salissures, ce qui en fait la solution id\u00e9ale pour des travaux de nettoyage de grande envergure. Des tests complets ont montr\u00e9 que notre solution est en mesure d&rsquo;\u00e9liminer m\u00eame les taches les plus rebelles, y compris de la rouille sur des surfaces m\u00e9talliques. Faites confiance \u00e0 notre solution exclusive et fiable pour laisser \u00e0 chaque fois vos surfaces absolument impeccables.[\/vc_column_text][mk_padding_divider][mk_fancy_title tag_name=\u00a0\u00bbh3&Prime; color=\u00a0\u00bb#070707&Prime; size=\u00a0\u00bb18&Prime; font_weight=\u00a0\u00bbbold\u00a0\u00bb txt_transform=\u00a0\u00bbuppercase\u00a0\u00bb letter_spacing=\u00a0\u00bb1&Prime; margin_bottom=\u00a0\u00bb0&Prime; font_family=\u00a0\u00bbnone\u00a0\u00bb]LA QUALIT\u00c9[\/mk_fancy_title][vc_column_text css=\u00a0\u00bb.vc_custom_1683314207914{margin-bottom: 0px !important;}\u00a0\u00bb]Un d\u00e9veloppement pouss\u00e9, des tests complets et une exp\u00e9rience concr\u00e8te du nettoyage ont prouv\u00e9 la qualit\u00e9 exceptionnelle de notre solution de nettoyage. Elle a syst\u00e9matiquement d\u00e9montr\u00e9 pouvoir traiter de nombreuses formes de salet\u00e9 et de crasse dans toutes sortes de situations et \u00e0 divers endroits. Nous nous employons \u00e0 am\u00e9liorer notre produit en permanence et \u00e0 fournir la meilleure solution de nettoyage possible \u00e0 nos acheteurs de produits en gros, et bient\u00f4t \u00e0 nos futurs acheteurs au d\u00e9tail. Notre engagement \u00e0 l&rsquo;\u00e9gard de la qualit\u00e9 vous garantit syst\u00e9matiquement des surfaces impeccables avec notre solution de nettoyage.[\/vc_column_text][vc_column_text css=\u00a0\u00bb.vc_custom_1683314238458{margin-bottom: 0px !important;}\u00a0\u00bb]\n<p style=\"font-weight: 400;\"><a href=\"https:\/\/bromogroup.eu\/fr\/contact\/\">Contactez-nous<\/a> ou <a href=\"https:\/\/bromogroup.eu\/fr\/quote\/\">demandez un devis<\/a>.<\/p>\n[\/vc_column_text][mk_padding_divider size=\u00a0\u00bb60&Prime; visibility=\u00a0\u00bbvisible-sm\u00a0\u00bb][\/vc_column][vc_column width=\u00a0\u00bb1\/12&Prime;][\/vc_column][vc_column width=\u00a0\u00bb6\/12&Prime;][mk_padding_divider size=\u00a0\u00bb100&Prime; visibility=\u00a0\u00bbvisible-tl-v2&Prime;][mk_image src=\u00a0\u00bbhttps:\/\/bromogroup.eu\/wp-content\/uploads\/2023\/01\/metal-barrel-with-cleaning-solution.jpg\u00a0\u00bb image_size=\u00a0\u00bbfull\u00a0\u00bb margin_bottom=\u00a0\u00bb0&Prime;][\/vc_column][\/mk_page_section][mk_page_section bg_color=\u00a0\u00bb#efefef\u00a0\u00bb bg_position=\u00a0\u00bbright center\u00a0\u00bb bg_repeat=\u00a0\u00bbno-repeat\u00a0\u00bb bg_stretch=\u00a0\u00bbtrue\u00a0\u00bb min_height=\u00a0\u00bb450&Prime; js_vertical_centered=\u00a0\u00bbtrue\u00a0\u00bb padding_top=\u00a0\u00bb0&Prime; padding_bottom=\u00a0\u00bb0&Prime; sidebar=\u00a0\u00bbsidebar-1&Prime;][vc_column width=\u00a0\u00bb1\/6&Prime;][\/vc_column][vc_column width=\u00a0\u00bb2\/3&Prime;][mk_padding_divider size=\u00a0\u00bb60&Prime; visibility=\u00a0\u00bbvisible-sm\u00a0\u00bb][mk_fancy_title color=\u00a0\u00bb#1c4274&Prime; size=\u00a0\u00bb45&Prime; force_font_size=\u00a0\u00bbtrue\u00a0\u00bb size_tablet=\u00a0\u00bb40&Prime; size_phone=\u00a0\u00bb34&Prime; font_weight=\u00a0\u00bb400&Prime; txt_transform=\u00a0\u00bbnone\u00a0\u00bb font_family=\u00a0\u00bbnone\u00a0\u00bb align=\u00a0\u00bbcenter\u00a0\u00bb]Nous d\u00e9veloppons quotidiennement nos produits.[\/mk_fancy_title][vc_column_text align=\u00a0\u00bbcenter\u00a0\u00bb css=\u00a0\u00bb.vc_custom_1683314259622{margin-bottom: 0px !important;}\u00a0\u00bb]Nous nous adressons aux entreprises de nettoyage professionnel qui sont confront\u00e9es chaque jour \u00e0 des surfaces souill\u00e9es de toutes sortes. Nous savons que leurs besoins \u00e9voluent et changent en permanence, et c&rsquo;est pourquoi nous nous employons \u00e0 d\u00e9velopper et am\u00e9liorer constamment nos produits. Nous visons ainsi \u00e0 fournir une solution qui correspond non seulement \u00e0 leurs exigences actuelles, mais aussi \u00e0 leurs besoins futurs en mati\u00e8re de nettoyage. Nos clients peuvent compter sur nous pour leur proposer \u00e0 tout moment une solution solide, fiable et digne de confiance pour leurs travaux de nettoyage.[\/vc_column_text][mk_padding_divider size=\u00a0\u00bb20&Prime;][mk_button dimension=\u00a0\u00bbflat\u00a0\u00bb corner_style=\u00a0\u00bbrounded\u00a0\u00bb size=\u00a0\u00bblarge\u00a0\u00bb url=\u00a0\u00bb\/fr\/contact\u00a0\u00bb target=\u00a0\u00bb_blank\u00a0\u00bb align=\u00a0\u00bbcenter\u00a0\u00bb margin_top=\u00a0\u00bb10&Prime; margin_bottom=\u00a0\u00bb0&Prime; margin_right=\u00a0\u00bb0&Prime; bg_color=\u00a0\u00bb#1c4274&Prime; btn_hover_bg=\u00a0\u00bb#fccb01&Prime; btn_hover_txt_color=\u00a0\u00bb#404040&Prime;]Nous contacter[\/mk_button][mk_padding_divider size=\u00a0\u00bb60&Prime; visibility=\u00a0\u00bbvisible-sm\u00a0\u00bb][\/vc_column][vc_column width=\u00a0\u00bb1\/6&Prime;][\/vc_column][\/mk_page_section]\n","protected":false},"excerpt":{"rendered":"<p>[mk_page_section bg_image=\u00a0\u00bbhttps:\/\/bromogroup.eu\/wp-content\/uploads\/2023\/01\/cleaning-solution-inspection.jpg\u00a0\u00bb bg_image_portrait=\u00a0\u00bbhttps:\/\/bromogroup.eu\/wp-content\/uploads\/2023\/01\/cleaning-solution-inspection.jpg\u00a0\u00bb bg_position=\u00a0\u00bbcenter center\u00a0\u00bb bg_repeat=\u00a0\u00bbno-repeat\u00a0\u00bb bg_stretch=\u00a0\u00bbtrue\u00a0\u00bb video_color_mask=\u00a0\u00bb#000000&Prime; min_height=\u00a0\u00bb650&Prime; js_vertical_centered=\u00a0\u00bbtrue\u00a0\u00bb sidebar=\u00a0\u00bbsidebar-1&Prime;][vc_column][mk_fancy_title tag_name=\u00a0\u00bbh1&Prime; color=\u00a0\u00bb#ffffff\u00a0\u00bb size=\u00a0\u00bb62&Prime; force_font_size=\u00a0\u00bbtrue\u00a0\u00bb size_tablet=\u00a0\u00bb42&Prime; font_weight=\u00a0\u00bb500&Prime; txt_transform=\u00a0\u00bbcapitalize\u00a0\u00bb font_family=\u00a0\u00bbnone\u00a0\u00bb align=\u00a0\u00bbcenter\u00a0\u00bb]Produits[\/mk_fancy_title][\/vc_column][\/mk_page_section][mk_page_section bg_color=\u00a0\u00bb#f6f6f6&Prime; padding_top=\u00a0\u00bb150&Prime; padding_bottom=\u00a0\u00bb150&Prime; sidebar=\u00a0\u00bbsidebar-1&Prime;][vc_column width=\u00a0\u00bb5\/12&Prime;][mk_fancy_title tag_name=\u00a0\u00bbh3&Prime; color=\u00a0\u00bb#070707&Prime; size=\u00a0\u00bb18&Prime; font_weight=\u00a0\u00bbbold\u00a0\u00bb txt_transform=\u00a0\u00bbuppercase\u00a0\u00bb letter_spacing=\u00a0\u00bb1&Prime; margin_bottom=\u00a0\u00bb0&Prime; font_family=\u00a0\u00bbnone\u00a0\u00bb] UNIQUE [\/mk_fancy_title][vc_column_text css=\u00a0\u00bb.vc_custom_1683314186747{margin-bottom: 0px !important;}\u00a0\u00bb]Nous sommes fiers de proposer une solution de nettoyage absolument unique. Notre formule exclusive garantit un nettoyage efficace [&hellip;]<\/p>\n","protected":false},"author":1,"featured_media":0,"parent":0,"menu_order":0,"comment_status":"closed","ping_status":"closed","template":"","meta":{"footnotes":""},"class_list":["post-471","page","type-page","status-publish","hentry"],"yoast_head":"<!-- This site is optimized with the Yoast SEO plugin v27.3 - https:\/\/yoast.com\/product\/yoast-seo-wordpress\/ -->\n<title>Produits - Bromo Group<\/title>\n<meta name=\"robots\" content=\"index, follow, max-snippet:-1, max-image-preview:large, max-video-preview:-1\" \/>\n<link rel=\"canonical\" href=\"https:\/\/bromogroup.eu\/fr\/produits\" \/>\n<meta property=\"og:locale\" content=\"fr_FR\" \/>\n<meta property=\"og:type\" content=\"article\" \/>\n<meta property=\"og:title\" content=\"Produits - Bromo Group\" \/>\n<meta property=\"og:description\" content=\"[mk_page_section bg_image=\u00a0\u00bbhttps:\/\/bromogroup.eu\/wp-content\/uploads\/2023\/01\/cleaning-solution-inspection.jpg\u00a0\u00bb bg_image_portrait=\u00a0\u00bbhttps:\/\/bromogroup.eu\/wp-content\/uploads\/2023\/01\/cleaning-solution-inspection.jpg\u00a0\u00bb bg_position=\u00a0\u00bbcenter center\u00a0\u00bb bg_repeat=\u00a0\u00bbno-repeat\u00a0\u00bb bg_stretch=\u00a0\u00bbtrue\u00a0\u00bb video_color_mask=\u00a0\u00bb#000000&Prime; min_height=\u00a0\u00bb650&Prime; js_vertical_centered=\u00a0\u00bbtrue\u00a0\u00bb sidebar=\u00a0\u00bbsidebar-1&Prime;][vc_column][mk_fancy_title tag_name=\u00a0\u00bbh1&Prime; color=\u00a0\u00bb#ffffff\u00a0\u00bb size=\u00a0\u00bb62&Prime; force_font_size=\u00a0\u00bbtrue\u00a0\u00bb size_tablet=\u00a0\u00bb42&Prime; font_weight=\u00a0\u00bb500&Prime; txt_transform=\u00a0\u00bbcapitalize\u00a0\u00bb font_family=\u00a0\u00bbnone\u00a0\u00bb align=\u00a0\u00bbcenter\u00a0\u00bb]Produits[\/mk_fancy_title][\/vc_column][\/mk_page_section][mk_page_section bg_color=\u00a0\u00bb#f6f6f6&Prime; padding_top=\u00a0\u00bb150&Prime; padding_bottom=\u00a0\u00bb150&Prime; sidebar=\u00a0\u00bbsidebar-1&Prime;][vc_column width=\u00a0\u00bb5\/12&Prime;][mk_fancy_title tag_name=\u00a0\u00bbh3&Prime; color=\u00a0\u00bb#070707&Prime; size=\u00a0\u00bb18&Prime; font_weight=\u00a0\u00bbbold\u00a0\u00bb txt_transform=\u00a0\u00bbuppercase\u00a0\u00bb letter_spacing=\u00a0\u00bb1&Prime; margin_bottom=\u00a0\u00bb0&Prime; font_family=\u00a0\u00bbnone\u00a0\u00bb] UNIQUE [\/mk_fancy_title][vc_column_text css=\u00a0\u00bb.vc_custom_1683314186747{margin-bottom: 0px !important;}\u00a0\u00bb]Nous sommes fiers de proposer une solution de nettoyage absolument unique. Notre formule exclusive garantit un nettoyage efficace [&hellip;]\" \/>\n<meta property=\"og:url\" content=\"https:\/\/bromogroup.eu\/fr\/produits\" \/>\n<meta property=\"og:site_name\" content=\"Bromo Group\" \/>\n<meta property=\"article:modified_time\" content=\"2023-05-05T19:18:20+00:00\" \/>\n<meta name=\"twitter:card\" content=\"summary_large_image\" \/>\n<meta name=\"twitter:label1\" content=\"Dur\u00e9e de lecture estim\u00e9e\" \/>\n\t<meta name=\"twitter:data1\" content=\"2 minutes\" \/>\n<script type=\"application\/ld+json\" class=\"yoast-schema-graph\">{\"@context\":\"https:\\\/\\\/schema.org\",\"@graph\":[{\"@type\":\"WebPage\",\"@id\":\"https:\\\/\\\/bromogroup.eu\\\/fr\\\/produits\",\"url\":\"https:\\\/\\\/bromogroup.eu\\\/fr\\\/produits\",\"name\":\"Produits - Bromo Group\",\"isPartOf\":{\"@id\":\"https:\\\/\\\/bromogroup.eu\\\/fr#website\"},\"datePublished\":\"2017-04-20T11:26:41+00:00\",\"dateModified\":\"2023-05-05T19:18:20+00:00\",\"breadcrumb\":{\"@id\":\"https:\\\/\\\/bromogroup.eu\\\/fr\\\/produits#breadcrumb\"},\"inLanguage\":\"fr-FR\",\"potentialAction\":[{\"@type\":\"ReadAction\",\"target\":[\"https:\\\/\\\/bromogroup.eu\\\/fr\\\/produits\"]}]},{\"@type\":\"BreadcrumbList\",\"@id\":\"https:\\\/\\\/bromogroup.eu\\\/fr\\\/produits#breadcrumb\",\"itemListElement\":[{\"@type\":\"ListItem\",\"position\":1,\"name\":\"Home\",\"item\":\"https:\\\/\\\/bromogroup.eu\\\/fr\"},{\"@type\":\"ListItem\",\"position\":2,\"name\":\"Produits\"}]},{\"@type\":\"WebSite\",\"@id\":\"https:\\\/\\\/bromogroup.eu\\\/fr#website\",\"url\":\"https:\\\/\\\/bromogroup.eu\\\/fr\",\"name\":\"Bromo Group\",\"description\":\"Cleaning solutions\",\"potentialAction\":[{\"@type\":\"SearchAction\",\"target\":{\"@type\":\"EntryPoint\",\"urlTemplate\":\"https:\\\/\\\/bromogroup.eu\\\/fr?s={search_term_string}\"},\"query-input\":{\"@type\":\"PropertyValueSpecification\",\"valueRequired\":true,\"valueName\":\"search_term_string\"}}],\"inLanguage\":\"fr-FR\"}]}<\/script>\n<!-- \/ Yoast SEO plugin. -->","yoast_head_json":{"title":"Produits - Bromo Group","robots":{"index":"index","follow":"follow","max-snippet":"max-snippet:-1","max-image-preview":"max-image-preview:large","max-video-preview":"max-video-preview:-1"},"canonical":"https:\/\/bromogroup.eu\/fr\/produits","og_locale":"fr_FR","og_type":"article","og_title":"Produits - Bromo Group","og_description":"[mk_page_section bg_image=\u00a0\u00bbhttps:\/\/bromogroup.eu\/wp-content\/uploads\/2023\/01\/cleaning-solution-inspection.jpg\u00a0\u00bb bg_image_portrait=\u00a0\u00bbhttps:\/\/bromogroup.eu\/wp-content\/uploads\/2023\/01\/cleaning-solution-inspection.jpg\u00a0\u00bb bg_position=\u00a0\u00bbcenter center\u00a0\u00bb bg_repeat=\u00a0\u00bbno-repeat\u00a0\u00bb bg_stretch=\u00a0\u00bbtrue\u00a0\u00bb video_color_mask=\u00a0\u00bb#000000&Prime; min_height=\u00a0\u00bb650&Prime; js_vertical_centered=\u00a0\u00bbtrue\u00a0\u00bb sidebar=\u00a0\u00bbsidebar-1&Prime;][vc_column][mk_fancy_title tag_name=\u00a0\u00bbh1&Prime; color=\u00a0\u00bb#ffffff\u00a0\u00bb size=\u00a0\u00bb62&Prime; force_font_size=\u00a0\u00bbtrue\u00a0\u00bb size_tablet=\u00a0\u00bb42&Prime; font_weight=\u00a0\u00bb500&Prime; txt_transform=\u00a0\u00bbcapitalize\u00a0\u00bb font_family=\u00a0\u00bbnone\u00a0\u00bb align=\u00a0\u00bbcenter\u00a0\u00bb]Produits[\/mk_fancy_title][\/vc_column][\/mk_page_section][mk_page_section bg_color=\u00a0\u00bb#f6f6f6&Prime; padding_top=\u00a0\u00bb150&Prime; padding_bottom=\u00a0\u00bb150&Prime; sidebar=\u00a0\u00bbsidebar-1&Prime;][vc_column width=\u00a0\u00bb5\/12&Prime;][mk_fancy_title tag_name=\u00a0\u00bbh3&Prime; color=\u00a0\u00bb#070707&Prime; size=\u00a0\u00bb18&Prime; font_weight=\u00a0\u00bbbold\u00a0\u00bb txt_transform=\u00a0\u00bbuppercase\u00a0\u00bb letter_spacing=\u00a0\u00bb1&Prime; margin_bottom=\u00a0\u00bb0&Prime; font_family=\u00a0\u00bbnone\u00a0\u00bb] UNIQUE [\/mk_fancy_title][vc_column_text css=\u00a0\u00bb.vc_custom_1683314186747{margin-bottom: 0px !important;}\u00a0\u00bb]Nous sommes fiers de proposer une solution de nettoyage absolument unique. Notre formule exclusive garantit un nettoyage efficace [&hellip;]","og_url":"https:\/\/bromogroup.eu\/fr\/produits","og_site_name":"Bromo Group","article_modified_time":"2023-05-05T19:18:20+00:00","twitter_card":"summary_large_image","twitter_misc":{"Dur\u00e9e de lecture estim\u00e9e":"2 minutes"},"schema":{"@context":"https:\/\/schema.org","@graph":[{"@type":"WebPage","@id":"https:\/\/bromogroup.eu\/fr\/produits","url":"https:\/\/bromogroup.eu\/fr\/produits","name":"Produits - Bromo Group","isPartOf":{"@id":"https:\/\/bromogroup.eu\/fr#website"},"datePublished":"2017-04-20T11:26:41+00:00","dateModified":"2023-05-05T19:18:20+00:00","breadcrumb":{"@id":"https:\/\/bromogroup.eu\/fr\/produits#breadcrumb"},"inLanguage":"fr-FR","potentialAction":[{"@type":"ReadAction","target":["https:\/\/bromogroup.eu\/fr\/produits"]}]},{"@type":"BreadcrumbList","@id":"https:\/\/bromogroup.eu\/fr\/produits#breadcrumb","itemListElement":[{"@type":"ListItem","position":1,"name":"Home","item":"https:\/\/bromogroup.eu\/fr"},{"@type":"ListItem","position":2,"name":"Produits"}]},{"@type":"WebSite","@id":"https:\/\/bromogroup.eu\/fr#website","url":"https:\/\/bromogroup.eu\/fr","name":"Bromo Group","description":"Cleaning solutions","potentialAction":[{"@type":"SearchAction","target":{"@type":"EntryPoint","urlTemplate":"https:\/\/bromogroup.eu\/fr?s={search_term_string}"},"query-input":{"@type":"PropertyValueSpecification","valueRequired":true,"valueName":"search_term_string"}}],"inLanguage":"fr-FR"}]}},"_links":{"self":[{"href":"https:\/\/bromogroup.eu\/fr\/wp-json\/wp\/v2\/pages\/471","targetHints":{"allow":["GET"]}}],"collection":[{"href":"https:\/\/bromogroup.eu\/fr\/wp-json\/wp\/v2\/pages"}],"about":[{"href":"https:\/\/bromogroup.eu\/fr\/wp-json\/wp\/v2\/types\/page"}],"author":[{"embeddable":true,"href":"https:\/\/bromogroup.eu\/fr\/wp-json\/wp\/v2\/users\/1"}],"replies":[{"embeddable":true,"href":"https:\/\/bromogroup.eu\/fr\/wp-json\/wp\/v2\/comments?post=471"}],"version-history":[{"count":0,"href":"https:\/\/bromogroup.eu\/fr\/wp-json\/wp\/v2\/pages\/471\/revisions"}],"wp:attachment":[{"href":"https:\/\/bromogroup.eu\/fr\/wp-json\/wp\/v2\/media?parent=471"}],"curies":[{"name":"wp","href":"https:\/\/api.w.org\/{rel}","templated":true}]}}