{"id":462,"date":"2017-04-20T12:25:52","date_gmt":"2017-04-20T11:25:52","guid":{"rendered":"https:\/\/bromogroup.eu\/?page_id=462"},"modified":"2023-05-05T20:07:30","modified_gmt":"2023-05-05T19:07:30","slug":"a-propos-de-nous","status":"publish","type":"page","link":"https:\/\/bromogroup.eu\/fr\/a-propos-de-nous","title":{"rendered":"\u00e0 propos de nous"},"content":{"rendered":"<div class=\"wpb-content-wrapper\">[mk_page_section bg_image=\u00a0\u00bbhttps:\/\/bromogroup.eu\/wp-content\/uploads\/2017\/04\/about-head.jpg\u00a0\u00bb bg_repeat=\u00a0\u00bbno-repeat\u00a0\u00bb bg_stretch=\u00a0\u00bbtrue\u00a0\u00bb video_color_mask=\u00a0\u00bb#000000&Prime; min_height=\u00a0\u00bb650&Prime; js_vertical_centered=\u00a0\u00bbtrue\u00a0\u00bb sidebar=\u00a0\u00bbsidebar-1&Prime;][vc_column][mk_fancy_title tag_name=\u00a0\u00bbh1&Prime; color=\u00a0\u00bb#ffffff\u00a0\u00bb size=\u00a0\u00bb62&Prime; force_font_size=\u00a0\u00bbtrue\u00a0\u00bb size_tablet=\u00a0\u00bb42&Prime; font_weight=\u00a0\u00bb500&Prime; txt_transform=\u00a0\u00bbnone\u00a0\u00bb font_family=\u00a0\u00bbnone\u00a0\u00bb align=\u00a0\u00bbcenter\u00a0\u00bb]\u00c0 propos de Bromo Group[\/mk_fancy_title][\/vc_column][\/mk_page_section][vc_row][vc_column][mk_padding_divider size=\u00a0\u00bb125&Prime;][\/vc_column][\/vc_row][vc_row][vc_column width=\u00a0\u00bb1\/6&Prime;][\/vc_column][vc_column width=\u00a0\u00bb2\/3&Prime;][mk_fancy_title tag_name=\u00a0\u00bbh3&Prime; color=\u00a0\u00bb#7b7b7b\u00a0\u00bb size=\u00a0\u00bb16&Prime; font_weight=\u00a0\u00bbbold\u00a0\u00bb font_style=\u00a0\u00bbitalic\u00a0\u00bb txt_transform=\u00a0\u00bbuppercase\u00a0\u00bb letter_spacing=\u00a0\u00bb2&Prime; margin_bottom=\u00a0\u00bb0&Prime; font_family=\u00a0\u00bbPlayfair+Display\u00a0\u00bb font_type=\u00a0\u00bbgoogle\u00a0\u00bb align=\u00a0\u00bbcenter\u00a0\u00bb]EXPERTISE[\/mk_fancy_title][mk_fancy_title color=\u00a0\u00bb#000000&Prime; size=\u00a0\u00bb45&Prime; force_font_size=\u00a0\u00bbtrue\u00a0\u00bb size_tablet=\u00a0\u00bb40&Prime; size_phone=\u00a0\u00bb34&Prime; font_weight=\u00a0\u00bb400&Prime; txt_transform=\u00a0\u00bbnone\u00a0\u00bb font_family=\u00a0\u00bbnone\u00a0\u00bb align=\u00a0\u00bbcenter\u00a0\u00bb]Leader des solutions de nettoyage industriel[\/mk_fancy_title][vc_column_text align=\u00a0\u00bbcenter\u00a0\u00bb css=\u00a0\u00bb.vc_custom_1683313525713{margin-bottom: 0px !important;}\u00a0\u00bb]Bromo Group est une entreprise implant\u00e9e en Bulgarie, fond\u00e9e par deux experts du nettoyage industriel. Notre passion est d&rsquo;offrir des solutions de tout premier ordre, et c&rsquo;est ce qui nous a pouss\u00e9 \u00e0 rechercher et d\u00e9velopper des produits de pointe \u00e0 l&rsquo;intention des grands groupes, des PME et des divers secteurs industriels. Nous sommes fiers d&rsquo;\u00eatre en mesure de comprendre les besoins de nos clients et de leur fournir des solutions sur mesure qui vont au-del\u00e0 de leurs attentes. Par leur expertise et leur engagement \u00e0 l&rsquo;\u00e9gard de l&rsquo;innovation, nos fondateurs ont fait de Bromo Group un leader du march\u00e9 des solutions de nettoyage industriel.[\/vc_column_text][\/vc_column][vc_column width=\u00a0\u00bb1\/6&Prime;][\/vc_column][\/vc_row][vc_row][vc_column][mk_padding_divider size=\u00a0\u00bb125&Prime;][\/vc_column][\/vc_row][mk_page_section bg_color=\u00a0\u00bb#e8e8e8&Prime; bg_stretch=\u00a0\u00bbtrue\u00a0\u00bb min_height=\u00a0\u00bb1000&Prime; full_width=\u00a0\u00bbtrue\u00a0\u00bb padding_top=\u00a0\u00bb170&Prime; padding_bottom=\u00a0\u00bb100&Prime; sidebar=\u00a0\u00bbsidebar-1&Prime;][vc_column][vc_row_inner][vc_column_inner width=\u00a0\u00bb2\/12&Prime;][\/vc_column_inner][vc_column_inner width=\u00a0\u00bb4\/12&Prime;][mk_fancy_title tag_name=\u00a0\u00bbh3&Prime; color=\u00a0\u00bb#1c4274&Prime; size=\u00a0\u00bb16&Prime; font_weight=\u00a0\u00bbbold\u00a0\u00bb font_style=\u00a0\u00bbitalic\u00a0\u00bb txt_transform=\u00a0\u00bbuppercase\u00a0\u00bb letter_spacing=\u00a0\u00bb2&Prime; margin_bottom=\u00a0\u00bb0&Prime; font_family=\u00a0\u00bbPlayfair+Display\u00a0\u00bb font_type=\u00a0\u00bbgoogle\u00a0\u00bb responsive_align=\u00a0\u00bbleft\u00a0\u00bb]D\u00c9VOUEMENT[\/mk_fancy_title][mk_fancy_title color=\u00a0\u00bb#2e2e2e\u00a0\u00bb size=\u00a0\u00bb45&Prime; force_font_size=\u00a0\u00bbtrue\u00a0\u00bb size_tablet=\u00a0\u00bb40&Prime; size_phone=\u00a0\u00bb34&Prime; font_weight=\u00a0\u00bb400&Prime; txt_transform=\u00a0\u00bbnone\u00a0\u00bb font_family=\u00a0\u00bbnone\u00a0\u00bb responsive_align=\u00a0\u00bbleft\u00a0\u00bb]Service et contr\u00f4le<br \/>\nde la qualit\u00e9.[\/mk_fancy_title][vc_column_text css=\u00a0\u00bb.vc_custom_1683313563685{margin-bottom: 0px !important;}\u00a0\u00bb]Nous nous consacrons non seulement \u00e0 fournir des solutions de nettoyage de pointe et efficaces, mais aussi \u00e0 proposer des services exceptionnels \u00e0 nos clients. Nous nous engageons \u00e0 contr\u00f4ler la qualit\u00e9 et nous employons continuellement \u00e0 faire en sorte que nos produits et services soient conformes aux crit\u00e8res les plus stricts. Faites-nous confiance pour vous \u00e9viter tout souci et vous procurer un environnement de travail plus propre et plus sain.[\/vc_column_text][mk_padding_divider][mk_fancy_title tag_name=\u00a0\u00bbh3&Prime; color=\u00a0\u00bb#2e2e2e\u00a0\u00bb size=\u00a0\u00bb18&Prime; font_weight=\u00a0\u00bb400&Prime; txt_transform=\u00a0\u00bbuppercase\u00a0\u00bb margin_bottom=\u00a0\u00bb10&Prime; font_family=\u00a0\u00bbnone\u00a0\u00bb responsive_align=\u00a0\u00bbleft\u00a0\u00bb]OBJECTIFS[\/mk_fancy_title][vc_column_text css=\u00a0\u00bb.vc_custom_1683313586255{margin-bottom: 0px !important;}\u00a0\u00bb]Bromo Group a le plaisir d&rsquo;annoncer l&rsquo;expansion prochaine de notre ligne de production et de notre strat\u00e9gie de distribution, afin de pouvoir proposer \u00e9galement des quantit\u00e9s et des emballages plus petits aux consommateurs \u00e0 travers le monde. Restez \u00e0 l&rsquo;\u00e9coute pour savoir comment acc\u00e9der facilement \u00e0 nos excellentes solutions de nettoyage pour votre usage personnel.[\/vc_column_text][mk_padding_divider visibility=\u00a0\u00bbvisible-sm\u00a0\u00bb][\/vc_column_inner][vc_column_inner width=\u00a0\u00bb1\/12&Prime;][\/vc_column_inner][vc_column_inner width=\u00a0\u00bb5\/12&Prime;][\/vc_column_inner][\/vc_row_inner][mk_padding_divider size=\u00a0\u00bb100&Prime;][vc_row_inner disable_element=\u00a0\u00bbyes\u00a0\u00bb][vc_column_inner width=\u00a0\u00bb1\/4&Prime;][\/vc_column_inner][vc_column_inner width=\u00a0\u00bb1\/2&Prime;][mk_fancy_title tag_name=\u00a0\u00bbh3&Prime; color=\u00a0\u00bb#2e2e2e\u00a0\u00bb size=\u00a0\u00bb18&Prime; font_weight=\u00a0\u00bbbold\u00a0\u00bb txt_transform=\u00a0\u00bbuppercase\u00a0\u00bb font_family=\u00a0\u00bbnone\u00a0\u00bb align=\u00a0\u00bbcenter\u00a0\u00bb]trusted by the world\u2019s best<\/p>\n[\/mk_fancy_title][mk_clients style=\u00a0\u00bbcolumn\u00a0\u00bb column=\u00a0\u00bb4&Prime;][\/vc_column_inner][vc_column_inner width=\u00a0\u00bb1\/4&Prime;][\/vc_column_inner][\/vc_row_inner][\/vc_column][\/mk_page_section][mk_page_section bg_color=\u00a0\u00bb#2a2a2a\u00a0\u00bb padding_top=\u00a0\u00bb150&Prime; padding_bottom=\u00a0\u00bb150&Prime; sidebar=\u00a0\u00bbsidebar-1&Prime;][vc_column width=\u00a0\u00bb6\/12&Prime;][mk_image src=\u00a0\u00bbhttps:\/\/bromogroup.eu\/wp-content\/uploads\/2023\/01\/matilda-cleaning-desk.jpg\u00a0\u00bb image_size=\u00a0\u00bbfull\u00a0\u00bb margin_bottom=\u00a0\u00bb0&Prime;][mk_padding_divider visibility=\u00a0\u00bbvisible-sm\u00a0\u00bb][\/vc_column][vc_column width=\u00a0\u00bb1\/12&Prime;][\/vc_column][vc_column width=\u00a0\u00bb5\/12&Prime;][mk_fancy_title tag_name=\u00a0\u00bbh3&Prime; color=\u00a0\u00bb#fccb01&Prime; size=\u00a0\u00bb16&Prime; font_weight=\u00a0\u00bbbold\u00a0\u00bb font_style=\u00a0\u00bbitalic\u00a0\u00bb txt_transform=\u00a0\u00bbuppercase\u00a0\u00bb letter_spacing=\u00a0\u00bb2&Prime; margin_bottom=\u00a0\u00bb0&Prime; font_family=\u00a0\u00bbPlayfair+Display\u00a0\u00bb font_type=\u00a0\u00bbgoogle\u00a0\u00bb]\u00c0 PORT\u00c9E DE MAIN[\/mk_fancy_title][mk_fancy_title color=\u00a0\u00bb#ffffff\u00a0\u00bb size=\u00a0\u00bb34&Prime; force_font_size=\u00a0\u00bbtrue\u00a0\u00bb size_tablet=\u00a0\u00bb28&Prime; size_phone=\u00a0\u00bb28&Prime; font_weight=\u00a0\u00bb400&Prime; txt_transform=\u00a0\u00bbnone\u00a0\u00bb font_family=\u00a0\u00bbnone\u00a0\u00bb]Des produits haut de gamme[\/mk_fancy_title][vc_column_text css=\u00a0\u00bb.vc_custom_1683313628654{margin-bottom: 0px !important;}\u00a0\u00bb]<span style=\"color: #f7f7f7;\">Nous sommes fiers d&rsquo;offrir une solution de nettoyage sans \u00e9quivalent sur le plan de la qualit\u00e9. Nos produits haut de gamme sont formul\u00e9s avec soin et rigoureusement test\u00e9s afin de supprimer efficacement la salet\u00e9, la crasse et les taches et de laisser les surfaces impeccables. Faites confiance \u00e0 nos produits haut de gamme pour donner belle apparence \u00e0 vos surfaces usage apr\u00e8s usage.<\/span>[\/vc_column_text][mk_padding_divider size=\u00a0\u00bb45&Prime;][mk_button dimension=\u00a0\u00bbflat\u00a0\u00bb corner_style=\u00a0\u00bbrounded\u00a0\u00bb size=\u00a0\u00bblarge\u00a0\u00bb url=\u00a0\u00bb\/fr\/quote\u00a0\u00bb margin_bottom=\u00a0\u00bb0&Prime; margin_right=\u00a0\u00bb0&Prime; btn_hover_bg=\u00a0\u00bb#fccb01&Prime; btn_hover_txt_color=\u00a0\u00bb#303030&Prime;]Demander un devis[\/mk_button][\/vc_column][\/mk_page_section]\n<\/div>","protected":false},"excerpt":{"rendered":"<p>[mk_page_section bg_image=\u00a0\u00bbhttps:\/\/bromogroup.eu\/wp-content\/uploads\/2017\/04\/about-head.jpg\u00a0\u00bb bg_repeat=\u00a0\u00bbno-repeat\u00a0\u00bb bg_stretch=\u00a0\u00bbtrue\u00a0\u00bb video_color_mask=\u00a0\u00bb#000000&Prime; min_height=\u00a0\u00bb650&Prime; js_vertical_centered=\u00a0\u00bbtrue\u00a0\u00bb sidebar=\u00a0\u00bbsidebar-1&Prime;][vc_column][mk_fancy_title tag_name=\u00a0\u00bbh1&Prime; color=\u00a0\u00bb#ffffff\u00a0\u00bb size=\u00a0\u00bb62&Prime; force_font_size=\u00a0\u00bbtrue\u00a0\u00bb size_tablet=\u00a0\u00bb42&Prime; font_weight=\u00a0\u00bb500&Prime; txt_transform=\u00a0\u00bbnone\u00a0\u00bb font_family=\u00a0\u00bbnone\u00a0\u00bb align=\u00a0\u00bbcenter\u00a0\u00bb]\u00c0 propos de Bromo Group[\/mk_fancy_title][\/vc_column][\/mk_page_section][vc_row][vc_column][mk_padding_divider size=\u00a0\u00bb125&Prime;][\/vc_column][\/vc_row][vc_row][vc_column width=\u00a0\u00bb1\/6&Prime;][\/vc_column][vc_column width=\u00a0\u00bb2\/3&Prime;][mk_fancy_title tag_name=\u00a0\u00bbh3&Prime; color=\u00a0\u00bb#7b7b7b\u00a0\u00bb size=\u00a0\u00bb16&Prime; font_weight=\u00a0\u00bbbold\u00a0\u00bb font_style=\u00a0\u00bbitalic\u00a0\u00bb txt_transform=\u00a0\u00bbuppercase\u00a0\u00bb letter_spacing=\u00a0\u00bb2&Prime; margin_bottom=\u00a0\u00bb0&Prime; font_family=\u00a0\u00bbPlayfair+Display\u00a0\u00bb font_type=\u00a0\u00bbgoogle\u00a0\u00bb align=\u00a0\u00bbcenter\u00a0\u00bb]EXPERTISE[\/mk_fancy_title][mk_fancy_title color=\u00a0\u00bb#000000&Prime; size=\u00a0\u00bb45&Prime; force_font_size=\u00a0\u00bbtrue\u00a0\u00bb size_tablet=\u00a0\u00bb40&Prime; size_phone=\u00a0\u00bb34&Prime; font_weight=\u00a0\u00bb400&Prime; txt_transform=\u00a0\u00bbnone\u00a0\u00bb font_family=\u00a0\u00bbnone\u00a0\u00bb align=\u00a0\u00bbcenter\u00a0\u00bb]Leader des solutions de nettoyage industriel[\/mk_fancy_title][vc_column_text align=\u00a0\u00bbcenter\u00a0\u00bb css=\u00a0\u00bb.vc_custom_1683313525713{margin-bottom: 0px !important;}\u00a0\u00bb]Bromo Group est [&hellip;]<\/p>\n","protected":false},"author":1,"featured_media":0,"parent":0,"menu_order":2,"comment_status":"closed","ping_status":"closed","template":"","meta":{"footnotes":""},"class_list":["post-462","page","type-page","status-publish","hentry"],"yoast_head":"<!-- This site is optimized with the Yoast SEO plugin v27.3 - https:\/\/yoast.com\/product\/yoast-seo-wordpress\/ -->\n<title>\u00e0 propos de nous - Bromo Group<\/title>\n<meta name=\"robots\" content=\"index, follow, max-snippet:-1, max-image-preview:large, max-video-preview:-1\" \/>\n<link rel=\"canonical\" href=\"https:\/\/bromogroup.eu\/fr\/a-propos-de-nous\" \/>\n<meta property=\"og:locale\" content=\"fr_FR\" \/>\n<meta property=\"og:type\" content=\"article\" \/>\n<meta property=\"og:title\" content=\"\u00e0 propos de nous - Bromo Group\" \/>\n<meta property=\"og:description\" content=\"[mk_page_section bg_image=\u00a0\u00bbhttps:\/\/bromogroup.eu\/wp-content\/uploads\/2017\/04\/about-head.jpg\u00a0\u00bb bg_repeat=\u00a0\u00bbno-repeat\u00a0\u00bb bg_stretch=\u00a0\u00bbtrue\u00a0\u00bb video_color_mask=\u00a0\u00bb#000000&Prime; min_height=\u00a0\u00bb650&Prime; js_vertical_centered=\u00a0\u00bbtrue\u00a0\u00bb sidebar=\u00a0\u00bbsidebar-1&Prime;][vc_column][mk_fancy_title tag_name=\u00a0\u00bbh1&Prime; color=\u00a0\u00bb#ffffff\u00a0\u00bb size=\u00a0\u00bb62&Prime; force_font_size=\u00a0\u00bbtrue\u00a0\u00bb size_tablet=\u00a0\u00bb42&Prime; font_weight=\u00a0\u00bb500&Prime; txt_transform=\u00a0\u00bbnone\u00a0\u00bb font_family=\u00a0\u00bbnone\u00a0\u00bb align=\u00a0\u00bbcenter\u00a0\u00bb]\u00c0 propos de Bromo Group[\/mk_fancy_title][\/vc_column][\/mk_page_section][vc_row][vc_column][mk_padding_divider size=\u00a0\u00bb125&Prime;][\/vc_column][\/vc_row][vc_row][vc_column width=\u00a0\u00bb1\/6&Prime;][\/vc_column][vc_column width=\u00a0\u00bb2\/3&Prime;][mk_fancy_title tag_name=\u00a0\u00bbh3&Prime; color=\u00a0\u00bb#7b7b7b\u00a0\u00bb size=\u00a0\u00bb16&Prime; font_weight=\u00a0\u00bbbold\u00a0\u00bb font_style=\u00a0\u00bbitalic\u00a0\u00bb txt_transform=\u00a0\u00bbuppercase\u00a0\u00bb letter_spacing=\u00a0\u00bb2&Prime; margin_bottom=\u00a0\u00bb0&Prime; font_family=\u00a0\u00bbPlayfair+Display\u00a0\u00bb font_type=\u00a0\u00bbgoogle\u00a0\u00bb align=\u00a0\u00bbcenter\u00a0\u00bb]EXPERTISE[\/mk_fancy_title][mk_fancy_title color=\u00a0\u00bb#000000&Prime; size=\u00a0\u00bb45&Prime; force_font_size=\u00a0\u00bbtrue\u00a0\u00bb size_tablet=\u00a0\u00bb40&Prime; size_phone=\u00a0\u00bb34&Prime; font_weight=\u00a0\u00bb400&Prime; txt_transform=\u00a0\u00bbnone\u00a0\u00bb font_family=\u00a0\u00bbnone\u00a0\u00bb align=\u00a0\u00bbcenter\u00a0\u00bb]Leader des solutions de nettoyage industriel[\/mk_fancy_title][vc_column_text align=\u00a0\u00bbcenter\u00a0\u00bb css=\u00a0\u00bb.vc_custom_1683313525713{margin-bottom: 0px !important;}\u00a0\u00bb]Bromo Group est [&hellip;]\" \/>\n<meta property=\"og:url\" content=\"https:\/\/bromogroup.eu\/fr\/a-propos-de-nous\" \/>\n<meta property=\"og:site_name\" content=\"Bromo Group\" \/>\n<meta property=\"article:modified_time\" content=\"2023-05-05T19:07:30+00:00\" \/>\n<meta name=\"twitter:card\" content=\"summary_large_image\" \/>\n<meta name=\"twitter:label1\" content=\"Dur\u00e9e de lecture estim\u00e9e\" \/>\n\t<meta name=\"twitter:data1\" content=\"3 minutes\" \/>\n<script type=\"application\/ld+json\" class=\"yoast-schema-graph\">{\"@context\":\"https:\\\/\\\/schema.org\",\"@graph\":[{\"@type\":\"WebPage\",\"@id\":\"https:\\\/\\\/bromogroup.eu\\\/fr\\\/a-propos-de-nous\",\"url\":\"https:\\\/\\\/bromogroup.eu\\\/fr\\\/a-propos-de-nous\",\"name\":\"\u00e0 propos de nous - Bromo Group\",\"isPartOf\":{\"@id\":\"https:\\\/\\\/bromogroup.eu\\\/fr#website\"},\"datePublished\":\"2017-04-20T11:25:52+00:00\",\"dateModified\":\"2023-05-05T19:07:30+00:00\",\"breadcrumb\":{\"@id\":\"https:\\\/\\\/bromogroup.eu\\\/fr\\\/a-propos-de-nous#breadcrumb\"},\"inLanguage\":\"fr-FR\",\"potentialAction\":[{\"@type\":\"ReadAction\",\"target\":[\"https:\\\/\\\/bromogroup.eu\\\/fr\\\/a-propos-de-nous\"]}]},{\"@type\":\"BreadcrumbList\",\"@id\":\"https:\\\/\\\/bromogroup.eu\\\/fr\\\/a-propos-de-nous#breadcrumb\",\"itemListElement\":[{\"@type\":\"ListItem\",\"position\":1,\"name\":\"Home\",\"item\":\"https:\\\/\\\/bromogroup.eu\\\/fr\"},{\"@type\":\"ListItem\",\"position\":2,\"name\":\"\u00e0 propos de nous\"}]},{\"@type\":\"WebSite\",\"@id\":\"https:\\\/\\\/bromogroup.eu\\\/fr#website\",\"url\":\"https:\\\/\\\/bromogroup.eu\\\/fr\",\"name\":\"Bromo Group\",\"description\":\"Cleaning solutions\",\"potentialAction\":[{\"@type\":\"SearchAction\",\"target\":{\"@type\":\"EntryPoint\",\"urlTemplate\":\"https:\\\/\\\/bromogroup.eu\\\/fr?s={search_term_string}\"},\"query-input\":{\"@type\":\"PropertyValueSpecification\",\"valueRequired\":true,\"valueName\":\"search_term_string\"}}],\"inLanguage\":\"fr-FR\"}]}<\/script>\n<!-- \/ Yoast SEO plugin. -->","yoast_head_json":{"title":"\u00e0 propos de nous - Bromo Group","robots":{"index":"index","follow":"follow","max-snippet":"max-snippet:-1","max-image-preview":"max-image-preview:large","max-video-preview":"max-video-preview:-1"},"canonical":"https:\/\/bromogroup.eu\/fr\/a-propos-de-nous","og_locale":"fr_FR","og_type":"article","og_title":"\u00e0 propos de nous - Bromo Group","og_description":"[mk_page_section bg_image=\u00a0\u00bbhttps:\/\/bromogroup.eu\/wp-content\/uploads\/2017\/04\/about-head.jpg\u00a0\u00bb bg_repeat=\u00a0\u00bbno-repeat\u00a0\u00bb bg_stretch=\u00a0\u00bbtrue\u00a0\u00bb video_color_mask=\u00a0\u00bb#000000&Prime; min_height=\u00a0\u00bb650&Prime; js_vertical_centered=\u00a0\u00bbtrue\u00a0\u00bb sidebar=\u00a0\u00bbsidebar-1&Prime;][vc_column][mk_fancy_title tag_name=\u00a0\u00bbh1&Prime; color=\u00a0\u00bb#ffffff\u00a0\u00bb size=\u00a0\u00bb62&Prime; force_font_size=\u00a0\u00bbtrue\u00a0\u00bb size_tablet=\u00a0\u00bb42&Prime; font_weight=\u00a0\u00bb500&Prime; txt_transform=\u00a0\u00bbnone\u00a0\u00bb font_family=\u00a0\u00bbnone\u00a0\u00bb align=\u00a0\u00bbcenter\u00a0\u00bb]\u00c0 propos de Bromo Group[\/mk_fancy_title][\/vc_column][\/mk_page_section][vc_row][vc_column][mk_padding_divider size=\u00a0\u00bb125&Prime;][\/vc_column][\/vc_row][vc_row][vc_column width=\u00a0\u00bb1\/6&Prime;][\/vc_column][vc_column width=\u00a0\u00bb2\/3&Prime;][mk_fancy_title tag_name=\u00a0\u00bbh3&Prime; color=\u00a0\u00bb#7b7b7b\u00a0\u00bb size=\u00a0\u00bb16&Prime; font_weight=\u00a0\u00bbbold\u00a0\u00bb font_style=\u00a0\u00bbitalic\u00a0\u00bb txt_transform=\u00a0\u00bbuppercase\u00a0\u00bb letter_spacing=\u00a0\u00bb2&Prime; margin_bottom=\u00a0\u00bb0&Prime; font_family=\u00a0\u00bbPlayfair+Display\u00a0\u00bb font_type=\u00a0\u00bbgoogle\u00a0\u00bb align=\u00a0\u00bbcenter\u00a0\u00bb]EXPERTISE[\/mk_fancy_title][mk_fancy_title color=\u00a0\u00bb#000000&Prime; size=\u00a0\u00bb45&Prime; force_font_size=\u00a0\u00bbtrue\u00a0\u00bb size_tablet=\u00a0\u00bb40&Prime; size_phone=\u00a0\u00bb34&Prime; font_weight=\u00a0\u00bb400&Prime; txt_transform=\u00a0\u00bbnone\u00a0\u00bb font_family=\u00a0\u00bbnone\u00a0\u00bb align=\u00a0\u00bbcenter\u00a0\u00bb]Leader des solutions de nettoyage industriel[\/mk_fancy_title][vc_column_text align=\u00a0\u00bbcenter\u00a0\u00bb css=\u00a0\u00bb.vc_custom_1683313525713{margin-bottom: 0px !important;}\u00a0\u00bb]Bromo Group est [&hellip;]","og_url":"https:\/\/bromogroup.eu\/fr\/a-propos-de-nous","og_site_name":"Bromo Group","article_modified_time":"2023-05-05T19:07:30+00:00","twitter_card":"summary_large_image","twitter_misc":{"Dur\u00e9e de lecture estim\u00e9e":"3 minutes"},"schema":{"@context":"https:\/\/schema.org","@graph":[{"@type":"WebPage","@id":"https:\/\/bromogroup.eu\/fr\/a-propos-de-nous","url":"https:\/\/bromogroup.eu\/fr\/a-propos-de-nous","name":"\u00e0 propos de nous - Bromo Group","isPartOf":{"@id":"https:\/\/bromogroup.eu\/fr#website"},"datePublished":"2017-04-20T11:25:52+00:00","dateModified":"2023-05-05T19:07:30+00:00","breadcrumb":{"@id":"https:\/\/bromogroup.eu\/fr\/a-propos-de-nous#breadcrumb"},"inLanguage":"fr-FR","potentialAction":[{"@type":"ReadAction","target":["https:\/\/bromogroup.eu\/fr\/a-propos-de-nous"]}]},{"@type":"BreadcrumbList","@id":"https:\/\/bromogroup.eu\/fr\/a-propos-de-nous#breadcrumb","itemListElement":[{"@type":"ListItem","position":1,"name":"Home","item":"https:\/\/bromogroup.eu\/fr"},{"@type":"ListItem","position":2,"name":"\u00e0 propos de nous"}]},{"@type":"WebSite","@id":"https:\/\/bromogroup.eu\/fr#website","url":"https:\/\/bromogroup.eu\/fr","name":"Bromo Group","description":"Cleaning solutions","potentialAction":[{"@type":"SearchAction","target":{"@type":"EntryPoint","urlTemplate":"https:\/\/bromogroup.eu\/fr?s={search_term_string}"},"query-input":{"@type":"PropertyValueSpecification","valueRequired":true,"valueName":"search_term_string"}}],"inLanguage":"fr-FR"}]}},"_links":{"self":[{"href":"https:\/\/bromogroup.eu\/fr\/wp-json\/wp\/v2\/pages\/462","targetHints":{"allow":["GET"]}}],"collection":[{"href":"https:\/\/bromogroup.eu\/fr\/wp-json\/wp\/v2\/pages"}],"about":[{"href":"https:\/\/bromogroup.eu\/fr\/wp-json\/wp\/v2\/types\/page"}],"author":[{"embeddable":true,"href":"https:\/\/bromogroup.eu\/fr\/wp-json\/wp\/v2\/users\/1"}],"replies":[{"embeddable":true,"href":"https:\/\/bromogroup.eu\/fr\/wp-json\/wp\/v2\/comments?post=462"}],"version-history":[{"count":0,"href":"https:\/\/bromogroup.eu\/fr\/wp-json\/wp\/v2\/pages\/462\/revisions"}],"wp:attachment":[{"href":"https:\/\/bromogroup.eu\/fr\/wp-json\/wp\/v2\/media?parent=462"}],"curies":[{"name":"wp","href":"https:\/\/api.w.org\/{rel}","templated":true}]}}