{"id":468,"date":"2017-04-20T12:26:41","date_gmt":"2017-04-20T11:26:41","guid":{"rendered":"https:\/\/bromogroup.eu\/?page_id=468"},"modified":"2023-05-05T20:15:27","modified_gmt":"2023-05-05T19:15:27","slug":"produkte","status":"publish","type":"page","link":"https:\/\/bromogroup.eu\/de\/produkte","title":{"rendered":"Produkte"},"content":{"rendered":"[mk_page_section bg_image=&#8220;https:\/\/bromogroup.eu\/wp-content\/uploads\/2023\/01\/cleaning-solution-inspection.jpg&#8220; bg_image_portrait=&#8220;https:\/\/bromogroup.eu\/wp-content\/uploads\/2023\/01\/cleaning-solution-inspection.jpg&#8220; bg_position=&#8220;center center&#8220; bg_repeat=&#8220;no-repeat&#8220; bg_stretch=&#8220;true&#8220; video_color_mask=&#8220;#000000&#8243; min_height=&#8220;650&#8243; js_vertical_centered=&#8220;true&#8220; sidebar=&#8220;sidebar-1&#8243;][vc_column][mk_fancy_title tag_name=&#8220;h1&#8243; color=&#8220;#ffffff&#8220; size=&#8220;62&#8243; force_font_size=&#8220;true&#8220; size_tablet=&#8220;42&#8243; font_weight=&#8220;500&#8243; txt_transform=&#8220;capitalize&#8220; font_family=&#8220;none&#8220; align=&#8220;center&#8220;]Produkte[\/mk_fancy_title][\/vc_column][\/mk_page_section][mk_page_section bg_color=&#8220;#f6f6f6&#8243; padding_top=&#8220;150&#8243; padding_bottom=&#8220;150&#8243; sidebar=&#8220;sidebar-1&#8243;][vc_column width=&#8220;5\/12&#8243;][mk_fancy_title tag_name=&#8220;h3&#8243; color=&#8220;#070707&#8243; size=&#8220;18&#8243; font_weight=&#8220;bold&#8220; txt_transform=&#8220;uppercase&#8220; letter_spacing=&#8220;1&#8243; margin_bottom=&#8220;0&#8243; font_family=&#8220;none&#8220;]EINZIGARTIG[\/mk_fancy_title][vc_column_text css=&#8220;.vc_custom_1683314018789{margin-bottom: 0px !important;}&#8220;]Wir sind stolz darauf, eine einzigartige Reinigungsl\u00f6sung vorstellen zu k\u00f6nnen. Unsere einzigartige Formel stellt eine wirksame Entfernung aller Flecken, Markierungen und Verschmutzungen sicher und ist damit die perfekte L\u00f6sung f\u00fcr umfangreiche Reinigungsarbeiten. Umfassende Tests haben gezeigt, dass unsere L\u00f6sung selbst die hartn\u00e4ckigsten Flecken, einschlie\u00dflich Rost auf Metalloberfl\u00e4chen, entfernen kann. Vertrauen Sie auf unsere einzigartige und zuverl\u00e4ssige L\u00f6sung, um Ihre Oberfl\u00e4chen immer makellos zu hinterlassen.[\/vc_column_text][mk_padding_divider][mk_fancy_title tag_name=&#8220;h3&#8243; color=&#8220;#070707&#8243; size=&#8220;18&#8243; font_weight=&#8220;bold&#8220; txt_transform=&#8220;uppercase&#8220; letter_spacing=&#8220;1&#8243; margin_bottom=&#8220;0&#8243; font_family=&#8220;none&#8220;]QUALIT\u00c4T[\/mk_fancy_title][vc_column_text css=&#8220;.vc_custom_1683314047800{margin-bottom: 0px !important;}&#8220;]Umfangreiche Entwicklungs- und Testphasen sowie Erfahrungen aus der Praxis haben bewiesen, dass unsere Reinigungsl\u00f6sung von h\u00f6chster Qualit\u00e4t ist. Unsere Reinigungsl\u00f6sung hat immer wieder gezeigt, dass sie in der Lage ist, ein breites Spektrum an Schmutz und Dreck an verschiedenen Orten und in verschiedenen Situationen zu beseitigen. Wir haben uns verpflichtet, unser Produkt st\u00e4ndig zu verbessern und unseren Gro\u00dfhandelskunden sowie den zuk\u00fcnftigen Einzelhandelskunden die bestm\u00f6gliche Reinigungsl\u00f6sung zu bieten. Dank unseres Engagements f\u00fcr Qualit\u00e4t k\u00f6nnen Sie darauf vertrauen, dass unsere Reinigungsl\u00f6sung Ihre Oberfl\u00e4chen immer makellos sauber hinterl\u00e4sst.[\/vc_column_text][vc_column_text css=&#8220;.vc_custom_1683314080409{margin-bottom: 0px !important;}&#8220;]\n<div><span lang=\"de\"><a href=\"https:\/\/bromogroup.eu\/de\/kontakt\/\">Kontaktieren Sie uns<\/a>, oder fordern Sie ein <a href=\"https:\/\/bromogroup.eu\/de\/zitat\/\">Angebot<\/a> an.<\/span><\/div>\n[\/vc_column_text][mk_padding_divider size=&#8220;60&#8243; visibility=&#8220;visible-sm&#8220;][\/vc_column][vc_column width=&#8220;1\/12&#8243;][\/vc_column][vc_column width=&#8220;6\/12&#8243;][mk_padding_divider size=&#8220;100&#8243; visibility=&#8220;visible-tl-v2&#8243;][mk_image src=&#8220;https:\/\/bromogroup.eu\/wp-content\/uploads\/2023\/01\/metal-barrel-with-cleaning-solution.jpg&#8220; image_size=&#8220;full&#8220; margin_bottom=&#8220;0&#8243;][\/vc_column][\/mk_page_section][mk_page_section bg_color=&#8220;#efefef&#8220; bg_position=&#8220;right center&#8220; bg_repeat=&#8220;no-repeat&#8220; bg_stretch=&#8220;true&#8220; min_height=&#8220;450&#8243; js_vertical_centered=&#8220;true&#8220; padding_top=&#8220;0&#8243; padding_bottom=&#8220;0&#8243; sidebar=&#8220;sidebar-1&#8243;][vc_column width=&#8220;1\/6&#8243;][\/vc_column][vc_column width=&#8220;2\/3&#8243;][mk_padding_divider size=&#8220;60&#8243; visibility=&#8220;visible-sm&#8220;][mk_fancy_title color=&#8220;#1c4274&#8243; size=&#8220;45&#8243; force_font_size=&#8220;true&#8220; size_tablet=&#8220;40&#8243; size_phone=&#8220;34&#8243; font_weight=&#8220;400&#8243; txt_transform=&#8220;none&#8220; font_family=&#8220;none&#8220; align=&#8220;center&#8220;]Wir entwickeln unsere Produkte jeden Tag weiter.[\/mk_fancy_title][vc_column_text align=&#8220;center&#8220; css=&#8220;.vc_custom_1683314105868{margin-bottom: 0px !important;}&#8220;]Unsere Zielgruppe besteht aus professionellen Reinigungsunternehmen, die t\u00e4glich mit einer Vielzahl von verschmutzten Oberfl\u00e4chen konfrontiert werden. Wir sind uns bewusst, dass sich ihre Bed\u00fcrfnisse st\u00e4ndig weiterentwickeln und ver\u00e4ndern. Deshalb haben wir uns verpflichtet, unsere Produkte kontinuierlich weiterzuentwickeln und zu verbessern. Auf diese Weise m\u00f6chten wir nicht nur eine L\u00f6sung f\u00fcr ihre aktuellen Reinigungsanforderungen bieten, sondern auch in Zukunft. Unsere Kunden k\u00f6nnen sich darauf verlassen, dass wir immer eine zuverl\u00e4ssige, vertrauensw\u00fcrdige und solide L\u00f6sung f\u00fcr ihren Reinigungsbedarf bieten.[\/vc_column_text][mk_padding_divider size=&#8220;20&#8243;][mk_button dimension=&#8220;flat&#8220; corner_style=&#8220;rounded&#8220; size=&#8220;large&#8220; url=&#8220;\/de\/kontakt&#8220; target=&#8220;_blank&#8220; align=&#8220;center&#8220; margin_top=&#8220;10&#8243; margin_bottom=&#8220;0&#8243; margin_right=&#8220;0&#8243; bg_color=&#8220;#1c4274&#8243; btn_hover_bg=&#8220;#fccb01&#8243; btn_hover_txt_color=&#8220;#404040&#8243;]Kontakt[\/mk_button][mk_padding_divider size=&#8220;60&#8243; visibility=&#8220;visible-sm&#8220;][\/vc_column][vc_column width=&#8220;1\/6&#8243;][\/vc_column][\/mk_page_section]\n","protected":false},"excerpt":{"rendered":"<p>[mk_page_section bg_image=&#8220;https:\/\/bromogroup.eu\/wp-content\/uploads\/2023\/01\/cleaning-solution-inspection.jpg&#8220; bg_image_portrait=&#8220;https:\/\/bromogroup.eu\/wp-content\/uploads\/2023\/01\/cleaning-solution-inspection.jpg&#8220; bg_position=&#8220;center center&#8220; bg_repeat=&#8220;no-repeat&#8220; bg_stretch=&#8220;true&#8220; video_color_mask=&#8220;#000000&#8243; min_height=&#8220;650&#8243; js_vertical_centered=&#8220;true&#8220; sidebar=&#8220;sidebar-1&#8243;][vc_column][mk_fancy_title tag_name=&#8220;h1&#8243; color=&#8220;#ffffff&#8220; size=&#8220;62&#8243; force_font_size=&#8220;true&#8220; size_tablet=&#8220;42&#8243; font_weight=&#8220;500&#8243; txt_transform=&#8220;capitalize&#8220; font_family=&#8220;none&#8220; align=&#8220;center&#8220;]Produkte[\/mk_fancy_title][\/vc_column][\/mk_page_section][mk_page_section bg_color=&#8220;#f6f6f6&#8243; padding_top=&#8220;150&#8243; padding_bottom=&#8220;150&#8243; sidebar=&#8220;sidebar-1&#8243;][vc_column width=&#8220;5\/12&#8243;][mk_fancy_title tag_name=&#8220;h3&#8243; color=&#8220;#070707&#8243; size=&#8220;18&#8243; font_weight=&#8220;bold&#8220; txt_transform=&#8220;uppercase&#8220; letter_spacing=&#8220;1&#8243; margin_bottom=&#8220;0&#8243; font_family=&#8220;none&#8220;]EINZIGARTIG[\/mk_fancy_title][vc_column_text css=&#8220;.vc_custom_1683314018789{margin-bottom: 0px !important;}&#8220;]Wir sind stolz darauf, eine einzigartige Reinigungsl\u00f6sung vorstellen zu k\u00f6nnen. Unsere einzigartige Formel stellt eine wirksame Entfernung aller Flecken, Markierungen [&hellip;]<\/p>\n","protected":false},"author":1,"featured_media":0,"parent":0,"menu_order":0,"comment_status":"closed","ping_status":"closed","template":"","meta":{"footnotes":""},"class_list":["post-468","page","type-page","status-publish","hentry"],"yoast_head":"<!-- This site is optimized with the Yoast SEO plugin v27.3 - https:\/\/yoast.com\/product\/yoast-seo-wordpress\/ -->\n<title>Produkte - Bromo Group<\/title>\n<meta name=\"robots\" content=\"index, follow, max-snippet:-1, max-image-preview:large, max-video-preview:-1\" \/>\n<link rel=\"canonical\" href=\"https:\/\/bromogroup.eu\/de\/produkte\" \/>\n<meta property=\"og:locale\" content=\"de_DE\" \/>\n<meta property=\"og:type\" content=\"article\" \/>\n<meta property=\"og:title\" content=\"Produkte - Bromo Group\" \/>\n<meta property=\"og:description\" content=\"[mk_page_section bg_image=&#8220;https:\/\/bromogroup.eu\/wp-content\/uploads\/2023\/01\/cleaning-solution-inspection.jpg&#8220; bg_image_portrait=&#8220;https:\/\/bromogroup.eu\/wp-content\/uploads\/2023\/01\/cleaning-solution-inspection.jpg&#8220; bg_position=&#8220;center center&#8220; bg_repeat=&#8220;no-repeat&#8220; bg_stretch=&#8220;true&#8220; video_color_mask=&#8220;#000000&#8243; min_height=&#8220;650&#8243; js_vertical_centered=&#8220;true&#8220; sidebar=&#8220;sidebar-1&#8243;][vc_column][mk_fancy_title tag_name=&#8220;h1&#8243; color=&#8220;#ffffff&#8220; size=&#8220;62&#8243; force_font_size=&#8220;true&#8220; size_tablet=&#8220;42&#8243; font_weight=&#8220;500&#8243; txt_transform=&#8220;capitalize&#8220; font_family=&#8220;none&#8220; align=&#8220;center&#8220;]Produkte[\/mk_fancy_title][\/vc_column][\/mk_page_section][mk_page_section bg_color=&#8220;#f6f6f6&#8243; padding_top=&#8220;150&#8243; padding_bottom=&#8220;150&#8243; sidebar=&#8220;sidebar-1&#8243;][vc_column width=&#8220;5\/12&#8243;][mk_fancy_title tag_name=&#8220;h3&#8243; color=&#8220;#070707&#8243; size=&#8220;18&#8243; font_weight=&#8220;bold&#8220; txt_transform=&#8220;uppercase&#8220; letter_spacing=&#8220;1&#8243; margin_bottom=&#8220;0&#8243; font_family=&#8220;none&#8220;]EINZIGARTIG[\/mk_fancy_title][vc_column_text css=&#8220;.vc_custom_1683314018789{margin-bottom: 0px !important;}&#8220;]Wir sind stolz darauf, eine einzigartige Reinigungsl\u00f6sung vorstellen zu k\u00f6nnen. Unsere einzigartige Formel stellt eine wirksame Entfernung aller Flecken, Markierungen [&hellip;]\" \/>\n<meta property=\"og:url\" content=\"https:\/\/bromogroup.eu\/de\/produkte\" \/>\n<meta property=\"og:site_name\" content=\"Bromo Group\" \/>\n<meta property=\"article:modified_time\" content=\"2023-05-05T19:15:27+00:00\" \/>\n<meta name=\"twitter:card\" content=\"summary_large_image\" \/>\n<meta name=\"twitter:label1\" content=\"Gesch\u00e4tzte Lesezeit\" \/>\n\t<meta name=\"twitter:data1\" content=\"2\u00a0Minuten\" \/>\n<script type=\"application\/ld+json\" class=\"yoast-schema-graph\">{\"@context\":\"https:\\\/\\\/schema.org\",\"@graph\":[{\"@type\":\"WebPage\",\"@id\":\"https:\\\/\\\/bromogroup.eu\\\/de\\\/produkte\",\"url\":\"https:\\\/\\\/bromogroup.eu\\\/de\\\/produkte\",\"name\":\"Produkte - Bromo Group\",\"isPartOf\":{\"@id\":\"https:\\\/\\\/bromogroup.eu\\\/de#website\"},\"datePublished\":\"2017-04-20T11:26:41+00:00\",\"dateModified\":\"2023-05-05T19:15:27+00:00\",\"breadcrumb\":{\"@id\":\"https:\\\/\\\/bromogroup.eu\\\/de\\\/produkte#breadcrumb\"},\"inLanguage\":\"de\",\"potentialAction\":[{\"@type\":\"ReadAction\",\"target\":[\"https:\\\/\\\/bromogroup.eu\\\/de\\\/produkte\"]}]},{\"@type\":\"BreadcrumbList\",\"@id\":\"https:\\\/\\\/bromogroup.eu\\\/de\\\/produkte#breadcrumb\",\"itemListElement\":[{\"@type\":\"ListItem\",\"position\":1,\"name\":\"Home\",\"item\":\"https:\\\/\\\/bromogroup.eu\\\/de\"},{\"@type\":\"ListItem\",\"position\":2,\"name\":\"Produkte\"}]},{\"@type\":\"WebSite\",\"@id\":\"https:\\\/\\\/bromogroup.eu\\\/de#website\",\"url\":\"https:\\\/\\\/bromogroup.eu\\\/de\",\"name\":\"Bromo Group\",\"description\":\"Cleaning solutions\",\"potentialAction\":[{\"@type\":\"SearchAction\",\"target\":{\"@type\":\"EntryPoint\",\"urlTemplate\":\"https:\\\/\\\/bromogroup.eu\\\/de?s={search_term_string}\"},\"query-input\":{\"@type\":\"PropertyValueSpecification\",\"valueRequired\":true,\"valueName\":\"search_term_string\"}}],\"inLanguage\":\"de\"}]}<\/script>\n<!-- \/ Yoast SEO plugin. -->","yoast_head_json":{"title":"Produkte - Bromo Group","robots":{"index":"index","follow":"follow","max-snippet":"max-snippet:-1","max-image-preview":"max-image-preview:large","max-video-preview":"max-video-preview:-1"},"canonical":"https:\/\/bromogroup.eu\/de\/produkte","og_locale":"de_DE","og_type":"article","og_title":"Produkte - Bromo Group","og_description":"[mk_page_section bg_image=&#8220;https:\/\/bromogroup.eu\/wp-content\/uploads\/2023\/01\/cleaning-solution-inspection.jpg&#8220; bg_image_portrait=&#8220;https:\/\/bromogroup.eu\/wp-content\/uploads\/2023\/01\/cleaning-solution-inspection.jpg&#8220; bg_position=&#8220;center center&#8220; bg_repeat=&#8220;no-repeat&#8220; bg_stretch=&#8220;true&#8220; video_color_mask=&#8220;#000000&#8243; min_height=&#8220;650&#8243; js_vertical_centered=&#8220;true&#8220; sidebar=&#8220;sidebar-1&#8243;][vc_column][mk_fancy_title tag_name=&#8220;h1&#8243; color=&#8220;#ffffff&#8220; size=&#8220;62&#8243; force_font_size=&#8220;true&#8220; size_tablet=&#8220;42&#8243; font_weight=&#8220;500&#8243; txt_transform=&#8220;capitalize&#8220; font_family=&#8220;none&#8220; align=&#8220;center&#8220;]Produkte[\/mk_fancy_title][\/vc_column][\/mk_page_section][mk_page_section bg_color=&#8220;#f6f6f6&#8243; padding_top=&#8220;150&#8243; padding_bottom=&#8220;150&#8243; sidebar=&#8220;sidebar-1&#8243;][vc_column width=&#8220;5\/12&#8243;][mk_fancy_title tag_name=&#8220;h3&#8243; color=&#8220;#070707&#8243; size=&#8220;18&#8243; font_weight=&#8220;bold&#8220; txt_transform=&#8220;uppercase&#8220; letter_spacing=&#8220;1&#8243; margin_bottom=&#8220;0&#8243; font_family=&#8220;none&#8220;]EINZIGARTIG[\/mk_fancy_title][vc_column_text css=&#8220;.vc_custom_1683314018789{margin-bottom: 0px !important;}&#8220;]Wir sind stolz darauf, eine einzigartige Reinigungsl\u00f6sung vorstellen zu k\u00f6nnen. Unsere einzigartige Formel stellt eine wirksame Entfernung aller Flecken, Markierungen [&hellip;]","og_url":"https:\/\/bromogroup.eu\/de\/produkte","og_site_name":"Bromo Group","article_modified_time":"2023-05-05T19:15:27+00:00","twitter_card":"summary_large_image","twitter_misc":{"Gesch\u00e4tzte Lesezeit":"2\u00a0Minuten"},"schema":{"@context":"https:\/\/schema.org","@graph":[{"@type":"WebPage","@id":"https:\/\/bromogroup.eu\/de\/produkte","url":"https:\/\/bromogroup.eu\/de\/produkte","name":"Produkte - Bromo Group","isPartOf":{"@id":"https:\/\/bromogroup.eu\/de#website"},"datePublished":"2017-04-20T11:26:41+00:00","dateModified":"2023-05-05T19:15:27+00:00","breadcrumb":{"@id":"https:\/\/bromogroup.eu\/de\/produkte#breadcrumb"},"inLanguage":"de","potentialAction":[{"@type":"ReadAction","target":["https:\/\/bromogroup.eu\/de\/produkte"]}]},{"@type":"BreadcrumbList","@id":"https:\/\/bromogroup.eu\/de\/produkte#breadcrumb","itemListElement":[{"@type":"ListItem","position":1,"name":"Home","item":"https:\/\/bromogroup.eu\/de"},{"@type":"ListItem","position":2,"name":"Produkte"}]},{"@type":"WebSite","@id":"https:\/\/bromogroup.eu\/de#website","url":"https:\/\/bromogroup.eu\/de","name":"Bromo Group","description":"Cleaning solutions","potentialAction":[{"@type":"SearchAction","target":{"@type":"EntryPoint","urlTemplate":"https:\/\/bromogroup.eu\/de?s={search_term_string}"},"query-input":{"@type":"PropertyValueSpecification","valueRequired":true,"valueName":"search_term_string"}}],"inLanguage":"de"}]}},"_links":{"self":[{"href":"https:\/\/bromogroup.eu\/de\/wp-json\/wp\/v2\/pages\/468","targetHints":{"allow":["GET"]}}],"collection":[{"href":"https:\/\/bromogroup.eu\/de\/wp-json\/wp\/v2\/pages"}],"about":[{"href":"https:\/\/bromogroup.eu\/de\/wp-json\/wp\/v2\/types\/page"}],"author":[{"embeddable":true,"href":"https:\/\/bromogroup.eu\/de\/wp-json\/wp\/v2\/users\/1"}],"replies":[{"embeddable":true,"href":"https:\/\/bromogroup.eu\/de\/wp-json\/wp\/v2\/comments?post=468"}],"version-history":[{"count":0,"href":"https:\/\/bromogroup.eu\/de\/wp-json\/wp\/v2\/pages\/468\/revisions"}],"wp:attachment":[{"href":"https:\/\/bromogroup.eu\/de\/wp-json\/wp\/v2\/media?parent=468"}],"curies":[{"name":"wp","href":"https:\/\/api.w.org\/{rel}","templated":true}]}}