{"id":465,"date":"2017-04-20T12:25:52","date_gmt":"2017-04-20T11:25:52","guid":{"rendered":"https:\/\/bromogroup.eu\/?page_id=465"},"modified":"2023-05-05T20:12:30","modified_gmt":"2023-05-05T19:12:30","slug":"ueber-uns","status":"publish","type":"page","link":"https:\/\/bromogroup.eu\/de\/ueber-uns","title":{"rendered":"\u00dcber Uns"},"content":{"rendered":"<div class=\"wpb-content-wrapper\">[mk_page_section bg_image=&#8220;https:\/\/bromogroup.eu\/wp-content\/uploads\/2017\/04\/about-head.jpg&#8220; bg_repeat=&#8220;no-repeat&#8220; bg_stretch=&#8220;true&#8220; video_color_mask=&#8220;#000000&#8243; min_height=&#8220;650&#8243; js_vertical_centered=&#8220;true&#8220; sidebar=&#8220;sidebar-1&#8243;][vc_column][mk_fancy_title tag_name=&#8220;h1&#8243; color=&#8220;#ffffff&#8220; size=&#8220;62&#8243; force_font_size=&#8220;true&#8220; size_tablet=&#8220;42&#8243; font_weight=&#8220;500&#8243; txt_transform=&#8220;none&#8220; font_family=&#8220;none&#8220; align=&#8220;center&#8220;]\u00dcber Bromo Group[\/mk_fancy_title][\/vc_column][\/mk_page_section][vc_row][vc_column][mk_padding_divider size=&#8220;125&#8243;][\/vc_column][\/vc_row][vc_row][vc_column width=&#8220;1\/6&#8243;][\/vc_column][vc_column width=&#8220;2\/3&#8243;][mk_fancy_title tag_name=&#8220;h3&#8243; color=&#8220;#7b7b7b&#8220; size=&#8220;16&#8243; font_weight=&#8220;bold&#8220; font_style=&#8220;italic&#8220; txt_transform=&#8220;uppercase&#8220; letter_spacing=&#8220;2&#8243; margin_bottom=&#8220;0&#8243; font_family=&#8220;Playfair+Display&#8220; font_type=&#8220;google&#8220; align=&#8220;center&#8220;]EXPERTISE[\/mk_fancy_title][mk_fancy_title color=&#8220;#000000&#8243; size=&#8220;45&#8243; force_font_size=&#8220;true&#8220; size_tablet=&#8220;40&#8243; size_phone=&#8220;34&#8243; font_weight=&#8220;400&#8243; txt_transform=&#8220;none&#8220; font_family=&#8220;none&#8220; align=&#8220;center&#8220;]F\u00fchrend in industriellen Reinigungsl\u00f6sungen[\/mk_fancy_title][vc_column_text align=&#8220;center&#8220; css=&#8220;.vc_custom_1683313751245{margin-bottom: 0px !important;}&#8220;]Bromo Group ist ein in Bulgarien ans\u00e4ssiges Unternehmen, das von zwei Experten im industriellen Reinigungssektor gegr\u00fcndet wurde. Mit einer Leidenschaft f\u00fcr erstklassige L\u00f6sungen haben wir uns der Erforschung und Entwicklung von Spitzenprodukten f\u00fcr Unternehmen, kleine und mittelst\u00e4ndische Betriebe und Branchen verschrieben. Wir sind stolz auf unsere F\u00e4higkeit, die Bed\u00fcrfnisse unserer Kunden zu verstehen und ma\u00dfgeschneiderte L\u00f6sungen zu bieten, die ihre Erwartungen \u00fcbertreffen. Die Expertise unserer Gr\u00fcnder und ihr Engagement f\u00fcr Innovation haben Bromo Group zu einem f\u00fchrenden Unternehmen auf dem Markt f\u00fcr industrielle Reinigungsl\u00f6sungen gemacht.[\/vc_column_text][\/vc_column][vc_column width=&#8220;1\/6&#8243;][\/vc_column][\/vc_row][vc_row][vc_column][mk_padding_divider size=&#8220;125&#8243;][\/vc_column][\/vc_row][mk_page_section bg_color=&#8220;#e8e8e8&#8243; bg_stretch=&#8220;true&#8220; min_height=&#8220;1000&#8243; full_width=&#8220;true&#8220; padding_top=&#8220;170&#8243; padding_bottom=&#8220;100&#8243; sidebar=&#8220;sidebar-1&#8243;][vc_column][vc_row_inner][vc_column_inner width=&#8220;2\/12&#8243;][\/vc_column_inner][vc_column_inner width=&#8220;4\/12&#8243;][mk_fancy_title tag_name=&#8220;h3&#8243; color=&#8220;#1c4274&#8243; size=&#8220;16&#8243; font_weight=&#8220;bold&#8220; font_style=&#8220;italic&#8220; txt_transform=&#8220;uppercase&#8220; letter_spacing=&#8220;2&#8243; margin_bottom=&#8220;0&#8243; font_family=&#8220;Playfair+Display&#8220; font_type=&#8220;google&#8220; responsive_align=&#8220;left&#8220;]Einsatz[\/mk_fancy_title][mk_fancy_title color=&#8220;#2e2e2e&#8220; size=&#8220;45&#8243; force_font_size=&#8220;true&#8220; size_tablet=&#8220;40&#8243; size_phone=&#8220;34&#8243; font_weight=&#8220;400&#8243; txt_transform=&#8220;none&#8220; font_family=&#8220;none&#8220; responsive_align=&#8220;left&#8220;]F\u00fcr Service<br \/>\nund Qualit\u00e4tskontrolle.[\/mk_fancy_title][vc_column_text css=&#8220;.vc_custom_1683313840088{margin-bottom: 0px !important;}&#8220;]Wir haben uns nicht nur die Bereitstellung qualitativ hochwertiger, effektiver Reinigungsl\u00f6sungen auf die Fahne geschrieben, sondern auch einen au\u00dfergew\u00f6hnlichen Kundenservice. Wir setzen uns f\u00fcr Qualit\u00e4tskontrolle ein und arbeiten unerm\u00fcdlich daran, dass unsere Produkte und Dienstleistungen den h\u00f6chsten Standards entsprechen. Vertrauen Sie darauf, dass wir Ihnen eine reibungslose Erfahrung und ein saubereres, sichereres Arbeitsumfeld bieten.[\/vc_column_text][mk_padding_divider][mk_fancy_title tag_name=&#8220;h3&#8243; color=&#8220;#2e2e2e&#8220; size=&#8220;18&#8243; font_weight=&#8220;400&#8243; txt_transform=&#8220;uppercase&#8220; margin_bottom=&#8220;10&#8243; font_family=&#8220;none&#8220; responsive_align=&#8220;left&#8220;]Ziele[\/mk_fancy_title][vc_column_text css=&#8220;.vc_custom_1683313867755{margin-bottom: 0px !important;}&#8220;]Bromo Group freut sich, Ihnen ank\u00fcndigen zu k\u00f6nnen, dass wir in naher Zukunft unser Produktsortiment und unsere Vertriebsstrategie erweitern werden, um Verbrauchern weltweit kleinere Mengen und Verpackungen zu bieten. Erfahren Sie mehr dar\u00fcber, wie Sie ganz einfach Zugang zu unseren hochwertigen Reinigungsl\u00f6sungen f\u00fcr Ihren pers\u00f6nlichen Gebrauch erhalten k\u00f6nnen.[\/vc_column_text][mk_padding_divider visibility=&#8220;visible-sm&#8220;][\/vc_column_inner][vc_column_inner width=&#8220;1\/12&#8243;][\/vc_column_inner][vc_column_inner width=&#8220;5\/12&#8243;][\/vc_column_inner][\/vc_row_inner][mk_padding_divider size=&#8220;100&#8243;][vc_row_inner disable_element=&#8220;yes&#8220;][vc_column_inner width=&#8220;1\/4&#8243;][\/vc_column_inner][vc_column_inner width=&#8220;1\/2&#8243;][mk_fancy_title tag_name=&#8220;h3&#8243; color=&#8220;#2e2e2e&#8220; size=&#8220;18&#8243; font_weight=&#8220;bold&#8220; txt_transform=&#8220;uppercase&#8220; font_family=&#8220;none&#8220; align=&#8220;center&#8220;]trusted by the world\u2019s best<\/p>\n[\/mk_fancy_title][mk_clients style=&#8220;column&#8220; column=&#8220;4&#8243;][\/vc_column_inner][vc_column_inner width=&#8220;1\/4&#8243;][\/vc_column_inner][\/vc_row_inner][\/vc_column][\/mk_page_section][mk_page_section bg_color=&#8220;#2a2a2a&#8220; padding_top=&#8220;150&#8243; padding_bottom=&#8220;150&#8243; sidebar=&#8220;sidebar-1&#8243;][vc_column width=&#8220;6\/12&#8243;][mk_image src=&#8220;https:\/\/bromogroup.eu\/wp-content\/uploads\/2023\/01\/matilda-cleaning-desk.jpg&#8220; image_size=&#8220;full&#8220; margin_bottom=&#8220;0&#8243;][mk_padding_divider visibility=&#8220;visible-sm&#8220;][\/vc_column][vc_column width=&#8220;1\/12&#8243;][\/vc_column][vc_column width=&#8220;5\/12&#8243;][mk_fancy_title tag_name=&#8220;h3&#8243; color=&#8220;#fccb01&#8243; size=&#8220;16&#8243; font_weight=&#8220;bold&#8220; font_style=&#8220;italic&#8220; txt_transform=&#8220;uppercase&#8220; letter_spacing=&#8220;2&#8243; margin_bottom=&#8220;0&#8243; font_family=&#8220;Playfair+Display&#8220; font_type=&#8220;google&#8220;]ZUG\u00c4NGLICH[\/mk_fancy_title][mk_fancy_title color=&#8220;#ffffff&#8220; size=&#8220;34&#8243; force_font_size=&#8220;true&#8220; size_tablet=&#8220;28&#8243; size_phone=&#8220;28&#8243; font_weight=&#8220;400&#8243; txt_transform=&#8220;none&#8220; font_family=&#8220;none&#8220;]Hochwertige Produkte[\/mk_fancy_title][vc_column_text css=&#8220;.vc_custom_1683313931463{margin-bottom: 0px !important;}&#8220;]<span style=\"color: #f7f7f7;\">Wir sind stolz darauf, eine Reinigungsl\u00f6sung zu bieten, die in puncto Qualit\u00e4t ihresgleichen sucht. Unsere hochwertigen Produkte werden sorgf\u00e4ltig formuliert und gr\u00fcndlich getestet, um sicherzustellen, dass sie Schmutz, Dreck und Flecken effektiv und effizient entfernen und die Oberfl\u00e4chen makellos sauber hinterlassen. Verlassen Sie sich auf unsere hochwertigen Produkte, damit Ihre Oberfl\u00e4chen immer wie neu aussehen.<\/span>[\/vc_column_text][mk_padding_divider size=&#8220;45&#8243;][mk_button dimension=&#8220;flat&#8220; corner_style=&#8220;rounded&#8220; size=&#8220;large&#8220; url=&#8220;\/de\/zitat&#8220; margin_bottom=&#8220;0&#8243; margin_right=&#8220;0&#8243; btn_hover_bg=&#8220;#fccb01&#8243; btn_hover_txt_color=&#8220;#303030&#8243;]Angebot anfordern[\/mk_button][\/vc_column][\/mk_page_section]\n<\/div>","protected":false},"excerpt":{"rendered":"<p>[mk_page_section bg_image=&#8220;https:\/\/bromogroup.eu\/wp-content\/uploads\/2017\/04\/about-head.jpg&#8220; bg_repeat=&#8220;no-repeat&#8220; bg_stretch=&#8220;true&#8220; video_color_mask=&#8220;#000000&#8243; min_height=&#8220;650&#8243; js_vertical_centered=&#8220;true&#8220; sidebar=&#8220;sidebar-1&#8243;][vc_column][mk_fancy_title tag_name=&#8220;h1&#8243; color=&#8220;#ffffff&#8220; size=&#8220;62&#8243; force_font_size=&#8220;true&#8220; size_tablet=&#8220;42&#8243; font_weight=&#8220;500&#8243; txt_transform=&#8220;none&#8220; font_family=&#8220;none&#8220; align=&#8220;center&#8220;]\u00dcber Bromo Group[\/mk_fancy_title][\/vc_column][\/mk_page_section][vc_row][vc_column][mk_padding_divider size=&#8220;125&#8243;][\/vc_column][\/vc_row][vc_row][vc_column width=&#8220;1\/6&#8243;][\/vc_column][vc_column width=&#8220;2\/3&#8243;][mk_fancy_title tag_name=&#8220;h3&#8243; color=&#8220;#7b7b7b&#8220; size=&#8220;16&#8243; font_weight=&#8220;bold&#8220; font_style=&#8220;italic&#8220; txt_transform=&#8220;uppercase&#8220; letter_spacing=&#8220;2&#8243; margin_bottom=&#8220;0&#8243; font_family=&#8220;Playfair+Display&#8220; font_type=&#8220;google&#8220; align=&#8220;center&#8220;]EXPERTISE[\/mk_fancy_title][mk_fancy_title color=&#8220;#000000&#8243; size=&#8220;45&#8243; force_font_size=&#8220;true&#8220; size_tablet=&#8220;40&#8243; size_phone=&#8220;34&#8243; font_weight=&#8220;400&#8243; txt_transform=&#8220;none&#8220; font_family=&#8220;none&#8220; align=&#8220;center&#8220;]F\u00fchrend in industriellen Reinigungsl\u00f6sungen[\/mk_fancy_title][vc_column_text align=&#8220;center&#8220; css=&#8220;.vc_custom_1683313751245{margin-bottom: 0px !important;}&#8220;]Bromo Group ist ein in Bulgarien ans\u00e4ssiges [&hellip;]<\/p>\n","protected":false},"author":1,"featured_media":0,"parent":0,"menu_order":2,"comment_status":"closed","ping_status":"closed","template":"","meta":{"footnotes":""},"class_list":["post-465","page","type-page","status-publish","hentry"],"yoast_head":"<!-- This site is optimized with the Yoast SEO plugin v27.3 - https:\/\/yoast.com\/product\/yoast-seo-wordpress\/ -->\n<title>\u00dcber Uns - Bromo Group<\/title>\n<meta name=\"robots\" content=\"index, follow, max-snippet:-1, max-image-preview:large, max-video-preview:-1\" \/>\n<link rel=\"canonical\" href=\"https:\/\/bromogroup.eu\/de\/ueber-uns\" \/>\n<meta property=\"og:locale\" content=\"de_DE\" \/>\n<meta property=\"og:type\" content=\"article\" \/>\n<meta property=\"og:title\" content=\"\u00dcber Uns - Bromo Group\" \/>\n<meta property=\"og:description\" content=\"[mk_page_section bg_image=&#8220;https:\/\/bromogroup.eu\/wp-content\/uploads\/2017\/04\/about-head.jpg&#8220; bg_repeat=&#8220;no-repeat&#8220; bg_stretch=&#8220;true&#8220; video_color_mask=&#8220;#000000&#8243; min_height=&#8220;650&#8243; js_vertical_centered=&#8220;true&#8220; sidebar=&#8220;sidebar-1&#8243;][vc_column][mk_fancy_title tag_name=&#8220;h1&#8243; color=&#8220;#ffffff&#8220; size=&#8220;62&#8243; force_font_size=&#8220;true&#8220; size_tablet=&#8220;42&#8243; font_weight=&#8220;500&#8243; txt_transform=&#8220;none&#8220; font_family=&#8220;none&#8220; align=&#8220;center&#8220;]\u00dcber Bromo Group[\/mk_fancy_title][\/vc_column][\/mk_page_section][vc_row][vc_column][mk_padding_divider size=&#8220;125&#8243;][\/vc_column][\/vc_row][vc_row][vc_column width=&#8220;1\/6&#8243;][\/vc_column][vc_column width=&#8220;2\/3&#8243;][mk_fancy_title tag_name=&#8220;h3&#8243; color=&#8220;#7b7b7b&#8220; size=&#8220;16&#8243; font_weight=&#8220;bold&#8220; font_style=&#8220;italic&#8220; txt_transform=&#8220;uppercase&#8220; letter_spacing=&#8220;2&#8243; margin_bottom=&#8220;0&#8243; font_family=&#8220;Playfair+Display&#8220; font_type=&#8220;google&#8220; align=&#8220;center&#8220;]EXPERTISE[\/mk_fancy_title][mk_fancy_title color=&#8220;#000000&#8243; size=&#8220;45&#8243; force_font_size=&#8220;true&#8220; size_tablet=&#8220;40&#8243; size_phone=&#8220;34&#8243; font_weight=&#8220;400&#8243; txt_transform=&#8220;none&#8220; font_family=&#8220;none&#8220; align=&#8220;center&#8220;]F\u00fchrend in industriellen Reinigungsl\u00f6sungen[\/mk_fancy_title][vc_column_text align=&#8220;center&#8220; css=&#8220;.vc_custom_1683313751245{margin-bottom: 0px !important;}&#8220;]Bromo Group ist ein in Bulgarien ans\u00e4ssiges [&hellip;]\" \/>\n<meta property=\"og:url\" content=\"https:\/\/bromogroup.eu\/de\/ueber-uns\" \/>\n<meta property=\"og:site_name\" content=\"Bromo Group\" \/>\n<meta property=\"article:modified_time\" content=\"2023-05-05T19:12:30+00:00\" \/>\n<meta name=\"twitter:card\" content=\"summary_large_image\" \/>\n<meta name=\"twitter:label1\" content=\"Gesch\u00e4tzte Lesezeit\" \/>\n\t<meta name=\"twitter:data1\" content=\"2\u00a0Minuten\" \/>\n<script type=\"application\/ld+json\" class=\"yoast-schema-graph\">{\"@context\":\"https:\\\/\\\/schema.org\",\"@graph\":[{\"@type\":\"WebPage\",\"@id\":\"https:\\\/\\\/bromogroup.eu\\\/de\\\/ueber-uns\",\"url\":\"https:\\\/\\\/bromogroup.eu\\\/de\\\/ueber-uns\",\"name\":\"\u00dcber Uns - Bromo Group\",\"isPartOf\":{\"@id\":\"https:\\\/\\\/bromogroup.eu\\\/de#website\"},\"datePublished\":\"2017-04-20T11:25:52+00:00\",\"dateModified\":\"2023-05-05T19:12:30+00:00\",\"breadcrumb\":{\"@id\":\"https:\\\/\\\/bromogroup.eu\\\/de\\\/ueber-uns#breadcrumb\"},\"inLanguage\":\"de\",\"potentialAction\":[{\"@type\":\"ReadAction\",\"target\":[\"https:\\\/\\\/bromogroup.eu\\\/de\\\/ueber-uns\"]}]},{\"@type\":\"BreadcrumbList\",\"@id\":\"https:\\\/\\\/bromogroup.eu\\\/de\\\/ueber-uns#breadcrumb\",\"itemListElement\":[{\"@type\":\"ListItem\",\"position\":1,\"name\":\"Home\",\"item\":\"https:\\\/\\\/bromogroup.eu\\\/de\"},{\"@type\":\"ListItem\",\"position\":2,\"name\":\"\u00dcber Uns\"}]},{\"@type\":\"WebSite\",\"@id\":\"https:\\\/\\\/bromogroup.eu\\\/de#website\",\"url\":\"https:\\\/\\\/bromogroup.eu\\\/de\",\"name\":\"Bromo Group\",\"description\":\"Cleaning solutions\",\"potentialAction\":[{\"@type\":\"SearchAction\",\"target\":{\"@type\":\"EntryPoint\",\"urlTemplate\":\"https:\\\/\\\/bromogroup.eu\\\/de?s={search_term_string}\"},\"query-input\":{\"@type\":\"PropertyValueSpecification\",\"valueRequired\":true,\"valueName\":\"search_term_string\"}}],\"inLanguage\":\"de\"}]}<\/script>\n<!-- \/ Yoast SEO plugin. -->","yoast_head_json":{"title":"\u00dcber Uns - Bromo Group","robots":{"index":"index","follow":"follow","max-snippet":"max-snippet:-1","max-image-preview":"max-image-preview:large","max-video-preview":"max-video-preview:-1"},"canonical":"https:\/\/bromogroup.eu\/de\/ueber-uns","og_locale":"de_DE","og_type":"article","og_title":"\u00dcber Uns - Bromo Group","og_description":"[mk_page_section bg_image=&#8220;https:\/\/bromogroup.eu\/wp-content\/uploads\/2017\/04\/about-head.jpg&#8220; bg_repeat=&#8220;no-repeat&#8220; bg_stretch=&#8220;true&#8220; video_color_mask=&#8220;#000000&#8243; min_height=&#8220;650&#8243; js_vertical_centered=&#8220;true&#8220; sidebar=&#8220;sidebar-1&#8243;][vc_column][mk_fancy_title tag_name=&#8220;h1&#8243; color=&#8220;#ffffff&#8220; size=&#8220;62&#8243; force_font_size=&#8220;true&#8220; size_tablet=&#8220;42&#8243; font_weight=&#8220;500&#8243; txt_transform=&#8220;none&#8220; font_family=&#8220;none&#8220; align=&#8220;center&#8220;]\u00dcber Bromo Group[\/mk_fancy_title][\/vc_column][\/mk_page_section][vc_row][vc_column][mk_padding_divider size=&#8220;125&#8243;][\/vc_column][\/vc_row][vc_row][vc_column width=&#8220;1\/6&#8243;][\/vc_column][vc_column width=&#8220;2\/3&#8243;][mk_fancy_title tag_name=&#8220;h3&#8243; color=&#8220;#7b7b7b&#8220; size=&#8220;16&#8243; font_weight=&#8220;bold&#8220; font_style=&#8220;italic&#8220; txt_transform=&#8220;uppercase&#8220; letter_spacing=&#8220;2&#8243; margin_bottom=&#8220;0&#8243; font_family=&#8220;Playfair+Display&#8220; font_type=&#8220;google&#8220; align=&#8220;center&#8220;]EXPERTISE[\/mk_fancy_title][mk_fancy_title color=&#8220;#000000&#8243; size=&#8220;45&#8243; force_font_size=&#8220;true&#8220; size_tablet=&#8220;40&#8243; size_phone=&#8220;34&#8243; font_weight=&#8220;400&#8243; txt_transform=&#8220;none&#8220; font_family=&#8220;none&#8220; align=&#8220;center&#8220;]F\u00fchrend in industriellen Reinigungsl\u00f6sungen[\/mk_fancy_title][vc_column_text align=&#8220;center&#8220; css=&#8220;.vc_custom_1683313751245{margin-bottom: 0px !important;}&#8220;]Bromo Group ist ein in Bulgarien ans\u00e4ssiges [&hellip;]","og_url":"https:\/\/bromogroup.eu\/de\/ueber-uns","og_site_name":"Bromo Group","article_modified_time":"2023-05-05T19:12:30+00:00","twitter_card":"summary_large_image","twitter_misc":{"Gesch\u00e4tzte Lesezeit":"2\u00a0Minuten"},"schema":{"@context":"https:\/\/schema.org","@graph":[{"@type":"WebPage","@id":"https:\/\/bromogroup.eu\/de\/ueber-uns","url":"https:\/\/bromogroup.eu\/de\/ueber-uns","name":"\u00dcber Uns - Bromo Group","isPartOf":{"@id":"https:\/\/bromogroup.eu\/de#website"},"datePublished":"2017-04-20T11:25:52+00:00","dateModified":"2023-05-05T19:12:30+00:00","breadcrumb":{"@id":"https:\/\/bromogroup.eu\/de\/ueber-uns#breadcrumb"},"inLanguage":"de","potentialAction":[{"@type":"ReadAction","target":["https:\/\/bromogroup.eu\/de\/ueber-uns"]}]},{"@type":"BreadcrumbList","@id":"https:\/\/bromogroup.eu\/de\/ueber-uns#breadcrumb","itemListElement":[{"@type":"ListItem","position":1,"name":"Home","item":"https:\/\/bromogroup.eu\/de"},{"@type":"ListItem","position":2,"name":"\u00dcber Uns"}]},{"@type":"WebSite","@id":"https:\/\/bromogroup.eu\/de#website","url":"https:\/\/bromogroup.eu\/de","name":"Bromo Group","description":"Cleaning solutions","potentialAction":[{"@type":"SearchAction","target":{"@type":"EntryPoint","urlTemplate":"https:\/\/bromogroup.eu\/de?s={search_term_string}"},"query-input":{"@type":"PropertyValueSpecification","valueRequired":true,"valueName":"search_term_string"}}],"inLanguage":"de"}]}},"_links":{"self":[{"href":"https:\/\/bromogroup.eu\/de\/wp-json\/wp\/v2\/pages\/465","targetHints":{"allow":["GET"]}}],"collection":[{"href":"https:\/\/bromogroup.eu\/de\/wp-json\/wp\/v2\/pages"}],"about":[{"href":"https:\/\/bromogroup.eu\/de\/wp-json\/wp\/v2\/types\/page"}],"author":[{"embeddable":true,"href":"https:\/\/bromogroup.eu\/de\/wp-json\/wp\/v2\/users\/1"}],"replies":[{"embeddable":true,"href":"https:\/\/bromogroup.eu\/de\/wp-json\/wp\/v2\/comments?post=465"}],"version-history":[{"count":0,"href":"https:\/\/bromogroup.eu\/de\/wp-json\/wp\/v2\/pages\/465\/revisions"}],"wp:attachment":[{"href":"https:\/\/bromogroup.eu\/de\/wp-json\/wp\/v2\/media?parent=465"}],"curies":[{"name":"wp","href":"https:\/\/api.w.org\/{rel}","templated":true}]}}