{"id":450,"date":"2023-01-20T13:22:02","date_gmt":"2023-01-20T12:22:02","guid":{"rendered":"https:\/\/bromogroup.eu\/?page_id=450"},"modified":"2023-05-05T19:50:37","modified_gmt":"2023-05-05T18:50:37","slug":"zitat","status":"publish","type":"page","link":"https:\/\/bromogroup.eu\/de\/zitat","title":{"rendered":"Zitat"},"content":{"rendered":"<div class=\"wpb-content-wrapper\">[mk_page_section bg_image=&#8220;https:\/\/bromogroup.eu\/wp-content\/uploads\/2017\/04\/contact-head.jpg&#8220; bg_repeat=&#8220;no-repeat&#8220; bg_stretch=&#8220;true&#8220; video_color_mask=&#8220;#000000&#8243; min_height=&#8220;650&#8243; js_vertical_centered=&#8220;true&#8220; sidebar=&#8220;sidebar-1&#8243;][vc_column][mk_fancy_title tag_name=&#8220;h1&#8243; color=&#8220;#ffffff&#8220; size=&#8220;62&#8243; force_font_size=&#8220;true&#8220; size_tablet=&#8220;42&#8243; font_weight=&#8220;500&#8243; txt_transform=&#8220;capitalize&#8220; font_family=&#8220;none&#8220; align=&#8220;center&#8220;]Angebot anfordern[\/mk_fancy_title][\/vc_column][\/mk_page_section][vc_row fullwidth=&#8220;true&#8220; equal_columns=&#8220;true&#8220; attached=&#8220;true&#8220;][vc_column width=&#8220;1\/2&#8243;][mk_custom_box padding_vertical=&#8220;0&#8243; padding_horizental=&#8220;40&#8243; margin_bottom=&#8220;0&#8243; min_height=&#8220;700&#8243; bg_color=&#8220;#f6f6f6&#8243; bg_stretch=&#8220;true&#8220;][mk_padding_divider size=&#8220;60&#8243;][mk_fancy_title color=&#8220;#272727&#8243; size=&#8220;45&#8243; force_font_size=&#8220;true&#8220; size_tablet=&#8220;30&#8243; font_weight=&#8220;500&#8243; txt_transform=&#8220;none&#8220; font_family=&#8220;none&#8220; responsive_align=&#8220;left&#8220;]M\u00fcheloses Bestellen und Unterst\u00fctzung[\/mk_fancy_title][vc_column_text css=&#8220;.vc_custom_1683312628866{margin-bottom: 0px !important;}&#8220;]Wir bem\u00fchen uns, den Bestellprozess f\u00fcr unsere Kunden so m\u00fchelos wie m\u00f6glich zu gestalten. Durch die Verwendung des Formulars auf der rechten Seite dieser Seite k\u00f6nnen Sie uns ganz einfach Ihre Ziele mitteilen, und wir werden Sie \u00fcber die erforderlichen Produkte beraten oder Ihnen den besten Preis f\u00fcr die von Ihnen angeforderten Artikel anbieten. Dar\u00fcber hinaus k\u00f6nnen Sie uns Ihren speziellen Fall mitteilen, und wir werden eine Komplettl\u00f6sung mit detaillierten Anweisungen bereitstellen.<\/p>\n<p>Wenn Sie Fragen zu Ihrem Angebot haben, z\u00f6gern Sie bitte nicht, uns per Telefon oder E-Mail zu kontaktieren.[\/vc_column_text][mk_padding_divider size=&#8220;60&#8243;][mk_icon_box icon=&#8220;mk-li-phone&#8220; text_size=&#8220;18&#8243; style=&#8220;simple_ultimate&#8220; icon_color=&#8220;#000000&#8243;]+31 6 11208931[\/mk_icon_box][mk_icon_box icon=&#8220;mk-li-mail&#8220; text_size=&#8220;18&#8243; style=&#8220;simple_ultimate&#8220; icon_color=&#8220;#000000&#8243;]<a href=\"mailto:info@bromogroup.eu\">info@bromogroup.eu<\/a>[\/mk_icon_box][\/mk_custom_box][\/vc_column][vc_column width=&#8220;1\/2&#8243; css=&#8220;.vc_custom_1674222541621{padding-top: 75px !important;padding-right: 150px !important;padding-bottom: 75px !important;padding-left: 150px !important;}&#8220; el_class=&#8220;c_form&#8220;]\n<div class=\"wpcf7 no-js\" id=\"wpcf7-f243-o1\" lang=\"en-US\" dir=\"ltr\" data-wpcf7-id=\"243\">\n<div class=\"screen-reader-response\"><p role=\"status\" aria-live=\"polite\" aria-atomic=\"true\"><\/p> <ul><\/ul><\/div>\n<form action=\"\/de\/wp-json\/wp\/v2\/pages\/450#wpcf7-f243-o1\" method=\"post\" class=\"wpcf7-form init\" aria-label=\"Contact form\" novalidate=\"novalidate\" data-status=\"init\">\n<fieldset class=\"hidden-fields-container\"><input type=\"hidden\" name=\"_wpcf7\" value=\"243\" \/><input type=\"hidden\" name=\"_wpcf7_version\" value=\"6.1.5\" \/><input type=\"hidden\" name=\"_wpcf7_locale\" value=\"en_US\" \/><input type=\"hidden\" name=\"_wpcf7_unit_tag\" value=\"wpcf7-f243-o1\" \/><input type=\"hidden\" name=\"_wpcf7_container_post\" value=\"0\" \/><input type=\"hidden\" name=\"_wpcf7_posted_data_hash\" value=\"\" \/>\n<\/fieldset>\n<p><label> (Company) Name<br \/>\n<span class=\"wpcf7-form-control-wrap\" data-name=\"company-name\"><input size=\"40\" maxlength=\"400\" class=\"wpcf7-form-control wpcf7-text wpcf7-validates-as-required\" autocomplete=\"name\" aria-required=\"true\" aria-invalid=\"false\" value=\"\" type=\"text\" name=\"company-name\" \/><\/span> <\/label>\n<\/p>\n<div class=\"row\">\n\t<div class=\"vc_col-sm-6\" style=\"padding-left:0;\">\n\t\t<p><label>Email address<br \/>\n<span class=\"wpcf7-form-control-wrap\" data-name=\"email\"><input size=\"40\" maxlength=\"400\" class=\"wpcf7-form-control wpcf7-email wpcf7-validates-as-required wpcf7-text wpcf7-validates-as-email\" autocomplete=\"email\" aria-required=\"true\" aria-invalid=\"false\" value=\"\" type=\"email\" name=\"email\" \/><\/span> <\/label>\n\t\t<\/p>\n\t<\/div>\n\t<div class=\"vc_col-sm-6\" style=\"padding-left:0;padding-right:0;\">\n\t\t<p><label>Phone<br \/>\n<span class=\"wpcf7-form-control-wrap\" data-name=\"phone\"><input size=\"40\" maxlength=\"400\" class=\"wpcf7-form-control wpcf7-tel wpcf7-validates-as-required wpcf7-text wpcf7-validates-as-tel\" autocomplete=\"phone\" aria-required=\"true\" aria-invalid=\"false\" value=\"\" type=\"tel\" name=\"phone\" \/><\/span> <\/label>\n\t\t<\/p>\n\t<\/div>\n<\/div>\n<p><label> Desired products<br \/>\n<span class=\"wpcf7-form-control-wrap\" data-name=\"products\"><textarea cols=\"40\" rows=\"3\" maxlength=\"2000\" class=\"wpcf7-form-control wpcf7-textarea\" aria-invalid=\"false\" name=\"products\"><\/textarea><\/span> <\/label>\n<\/p>\n<p><label> Tell us about your case<br \/>\n<span class=\"wpcf7-form-control-wrap\" data-name=\"your-message\"><textarea cols=\"40\" rows=\"6\" maxlength=\"2000\" class=\"wpcf7-form-control wpcf7-textarea wpcf7-validates-as-required\" aria-required=\"true\" aria-invalid=\"false\" name=\"your-message\"><\/textarea><\/span> <\/label>\n<\/p>\n<p><input class=\"wpcf7-form-control wpcf7-submit has-spinner\" type=\"submit\" value=\"Request quotation\" \/>\n<\/p><div class=\"wpcf7-response-output\" aria-hidden=\"true\"><\/div>\n<\/form>\n<\/div>\n[\/vc_column][\/vc_row]\n<\/div>","protected":false},"excerpt":{"rendered":"<p>[mk_page_section bg_image=&#8220;https:\/\/bromogroup.eu\/wp-content\/uploads\/2017\/04\/contact-head.jpg&#8220; bg_repeat=&#8220;no-repeat&#8220; bg_stretch=&#8220;true&#8220; video_color_mask=&#8220;#000000&#8243; min_height=&#8220;650&#8243; js_vertical_centered=&#8220;true&#8220; sidebar=&#8220;sidebar-1&#8243;][vc_column][mk_fancy_title tag_name=&#8220;h1&#8243; color=&#8220;#ffffff&#8220; size=&#8220;62&#8243; force_font_size=&#8220;true&#8220; size_tablet=&#8220;42&#8243; font_weight=&#8220;500&#8243; txt_transform=&#8220;capitalize&#8220; font_family=&#8220;none&#8220; align=&#8220;center&#8220;]Angebot anfordern[\/mk_fancy_title][\/vc_column][\/mk_page_section][vc_row fullwidth=&#8220;true&#8220; equal_columns=&#8220;true&#8220; attached=&#8220;true&#8220;][vc_column width=&#8220;1\/2&#8243;][mk_custom_box padding_vertical=&#8220;0&#8243; padding_horizental=&#8220;40&#8243; margin_bottom=&#8220;0&#8243; min_height=&#8220;700&#8243; bg_color=&#8220;#f6f6f6&#8243; bg_stretch=&#8220;true&#8220;][mk_padding_divider size=&#8220;60&#8243;][mk_fancy_title color=&#8220;#272727&#8243; size=&#8220;45&#8243; force_font_size=&#8220;true&#8220; size_tablet=&#8220;30&#8243; font_weight=&#8220;500&#8243; txt_transform=&#8220;none&#8220; font_family=&#8220;none&#8220; responsive_align=&#8220;left&#8220;]M\u00fcheloses Bestellen und Unterst\u00fctzung[\/mk_fancy_title][vc_column_text css=&#8220;.vc_custom_1683312628866{margin-bottom: 0px !important;}&#8220;]Wir bem\u00fchen uns, den Bestellprozess f\u00fcr unsere Kunden so m\u00fchelos wie m\u00f6glich zu [&hellip;]<\/p>\n","protected":false},"author":1,"featured_media":0,"parent":0,"menu_order":0,"comment_status":"closed","ping_status":"closed","template":"","meta":{"footnotes":""},"class_list":["post-450","page","type-page","status-publish","hentry"],"yoast_head":"<!-- This site is optimized with the Yoast SEO plugin v27.3 - https:\/\/yoast.com\/product\/yoast-seo-wordpress\/ -->\n<title>Zitat - Bromo Group<\/title>\n<meta name=\"robots\" content=\"index, follow, max-snippet:-1, max-image-preview:large, max-video-preview:-1\" \/>\n<link rel=\"canonical\" href=\"https:\/\/bromogroup.eu\/de\/zitat\" \/>\n<meta property=\"og:locale\" content=\"de_DE\" \/>\n<meta property=\"og:type\" content=\"article\" \/>\n<meta property=\"og:title\" content=\"Zitat - Bromo Group\" \/>\n<meta property=\"og:description\" content=\"[mk_page_section bg_image=&#8220;https:\/\/bromogroup.eu\/wp-content\/uploads\/2017\/04\/contact-head.jpg&#8220; bg_repeat=&#8220;no-repeat&#8220; bg_stretch=&#8220;true&#8220; video_color_mask=&#8220;#000000&#8243; min_height=&#8220;650&#8243; js_vertical_centered=&#8220;true&#8220; sidebar=&#8220;sidebar-1&#8243;][vc_column][mk_fancy_title tag_name=&#8220;h1&#8243; color=&#8220;#ffffff&#8220; size=&#8220;62&#8243; force_font_size=&#8220;true&#8220; size_tablet=&#8220;42&#8243; font_weight=&#8220;500&#8243; txt_transform=&#8220;capitalize&#8220; font_family=&#8220;none&#8220; align=&#8220;center&#8220;]Angebot anfordern[\/mk_fancy_title][\/vc_column][\/mk_page_section][vc_row fullwidth=&#8220;true&#8220; equal_columns=&#8220;true&#8220; attached=&#8220;true&#8220;][vc_column width=&#8220;1\/2&#8243;][mk_custom_box padding_vertical=&#8220;0&#8243; padding_horizental=&#8220;40&#8243; margin_bottom=&#8220;0&#8243; min_height=&#8220;700&#8243; bg_color=&#8220;#f6f6f6&#8243; bg_stretch=&#8220;true&#8220;][mk_padding_divider size=&#8220;60&#8243;][mk_fancy_title color=&#8220;#272727&#8243; size=&#8220;45&#8243; force_font_size=&#8220;true&#8220; size_tablet=&#8220;30&#8243; font_weight=&#8220;500&#8243; txt_transform=&#8220;none&#8220; font_family=&#8220;none&#8220; responsive_align=&#8220;left&#8220;]M\u00fcheloses Bestellen und Unterst\u00fctzung[\/mk_fancy_title][vc_column_text css=&#8220;.vc_custom_1683312628866{margin-bottom: 0px !important;}&#8220;]Wir bem\u00fchen uns, den Bestellprozess f\u00fcr unsere Kunden so m\u00fchelos wie m\u00f6glich zu [&hellip;]\" \/>\n<meta property=\"og:url\" content=\"https:\/\/bromogroup.eu\/de\/zitat\" \/>\n<meta property=\"og:site_name\" content=\"Bromo Group\" \/>\n<meta property=\"article:modified_time\" content=\"2023-05-05T18:50:37+00:00\" \/>\n<meta name=\"twitter:card\" content=\"summary_large_image\" \/>\n<meta name=\"twitter:label1\" content=\"Gesch\u00e4tzte Lesezeit\" \/>\n\t<meta name=\"twitter:data1\" content=\"1\u00a0Minute\" \/>\n<script type=\"application\/ld+json\" class=\"yoast-schema-graph\">{\"@context\":\"https:\\\/\\\/schema.org\",\"@graph\":[{\"@type\":\"WebPage\",\"@id\":\"https:\\\/\\\/bromogroup.eu\\\/de\\\/zitat\",\"url\":\"https:\\\/\\\/bromogroup.eu\\\/de\\\/zitat\",\"name\":\"Zitat - Bromo Group\",\"isPartOf\":{\"@id\":\"https:\\\/\\\/bromogroup.eu\\\/de#website\"},\"datePublished\":\"2023-01-20T12:22:02+00:00\",\"dateModified\":\"2023-05-05T18:50:37+00:00\",\"breadcrumb\":{\"@id\":\"https:\\\/\\\/bromogroup.eu\\\/de\\\/zitat#breadcrumb\"},\"inLanguage\":\"de\",\"potentialAction\":[{\"@type\":\"ReadAction\",\"target\":[\"https:\\\/\\\/bromogroup.eu\\\/de\\\/zitat\"]}]},{\"@type\":\"BreadcrumbList\",\"@id\":\"https:\\\/\\\/bromogroup.eu\\\/de\\\/zitat#breadcrumb\",\"itemListElement\":[{\"@type\":\"ListItem\",\"position\":1,\"name\":\"Home\",\"item\":\"https:\\\/\\\/bromogroup.eu\\\/de\"},{\"@type\":\"ListItem\",\"position\":2,\"name\":\"Zitat\"}]},{\"@type\":\"WebSite\",\"@id\":\"https:\\\/\\\/bromogroup.eu\\\/de#website\",\"url\":\"https:\\\/\\\/bromogroup.eu\\\/de\",\"name\":\"Bromo Group\",\"description\":\"Cleaning solutions\",\"potentialAction\":[{\"@type\":\"SearchAction\",\"target\":{\"@type\":\"EntryPoint\",\"urlTemplate\":\"https:\\\/\\\/bromogroup.eu\\\/de?s={search_term_string}\"},\"query-input\":{\"@type\":\"PropertyValueSpecification\",\"valueRequired\":true,\"valueName\":\"search_term_string\"}}],\"inLanguage\":\"de\"}]}<\/script>\n<!-- \/ Yoast SEO plugin. -->","yoast_head_json":{"title":"Zitat - Bromo Group","robots":{"index":"index","follow":"follow","max-snippet":"max-snippet:-1","max-image-preview":"max-image-preview:large","max-video-preview":"max-video-preview:-1"},"canonical":"https:\/\/bromogroup.eu\/de\/zitat","og_locale":"de_DE","og_type":"article","og_title":"Zitat - Bromo Group","og_description":"[mk_page_section bg_image=&#8220;https:\/\/bromogroup.eu\/wp-content\/uploads\/2017\/04\/contact-head.jpg&#8220; bg_repeat=&#8220;no-repeat&#8220; bg_stretch=&#8220;true&#8220; video_color_mask=&#8220;#000000&#8243; min_height=&#8220;650&#8243; js_vertical_centered=&#8220;true&#8220; sidebar=&#8220;sidebar-1&#8243;][vc_column][mk_fancy_title tag_name=&#8220;h1&#8243; color=&#8220;#ffffff&#8220; size=&#8220;62&#8243; force_font_size=&#8220;true&#8220; size_tablet=&#8220;42&#8243; font_weight=&#8220;500&#8243; txt_transform=&#8220;capitalize&#8220; font_family=&#8220;none&#8220; align=&#8220;center&#8220;]Angebot anfordern[\/mk_fancy_title][\/vc_column][\/mk_page_section][vc_row fullwidth=&#8220;true&#8220; equal_columns=&#8220;true&#8220; attached=&#8220;true&#8220;][vc_column width=&#8220;1\/2&#8243;][mk_custom_box padding_vertical=&#8220;0&#8243; padding_horizental=&#8220;40&#8243; margin_bottom=&#8220;0&#8243; min_height=&#8220;700&#8243; bg_color=&#8220;#f6f6f6&#8243; bg_stretch=&#8220;true&#8220;][mk_padding_divider size=&#8220;60&#8243;][mk_fancy_title color=&#8220;#272727&#8243; size=&#8220;45&#8243; force_font_size=&#8220;true&#8220; size_tablet=&#8220;30&#8243; font_weight=&#8220;500&#8243; txt_transform=&#8220;none&#8220; font_family=&#8220;none&#8220; responsive_align=&#8220;left&#8220;]M\u00fcheloses Bestellen und Unterst\u00fctzung[\/mk_fancy_title][vc_column_text css=&#8220;.vc_custom_1683312628866{margin-bottom: 0px !important;}&#8220;]Wir bem\u00fchen uns, den Bestellprozess f\u00fcr unsere Kunden so m\u00fchelos wie m\u00f6glich zu [&hellip;]","og_url":"https:\/\/bromogroup.eu\/de\/zitat","og_site_name":"Bromo Group","article_modified_time":"2023-05-05T18:50:37+00:00","twitter_card":"summary_large_image","twitter_misc":{"Gesch\u00e4tzte Lesezeit":"1\u00a0Minute"},"schema":{"@context":"https:\/\/schema.org","@graph":[{"@type":"WebPage","@id":"https:\/\/bromogroup.eu\/de\/zitat","url":"https:\/\/bromogroup.eu\/de\/zitat","name":"Zitat - Bromo Group","isPartOf":{"@id":"https:\/\/bromogroup.eu\/de#website"},"datePublished":"2023-01-20T12:22:02+00:00","dateModified":"2023-05-05T18:50:37+00:00","breadcrumb":{"@id":"https:\/\/bromogroup.eu\/de\/zitat#breadcrumb"},"inLanguage":"de","potentialAction":[{"@type":"ReadAction","target":["https:\/\/bromogroup.eu\/de\/zitat"]}]},{"@type":"BreadcrumbList","@id":"https:\/\/bromogroup.eu\/de\/zitat#breadcrumb","itemListElement":[{"@type":"ListItem","position":1,"name":"Home","item":"https:\/\/bromogroup.eu\/de"},{"@type":"ListItem","position":2,"name":"Zitat"}]},{"@type":"WebSite","@id":"https:\/\/bromogroup.eu\/de#website","url":"https:\/\/bromogroup.eu\/de","name":"Bromo Group","description":"Cleaning solutions","potentialAction":[{"@type":"SearchAction","target":{"@type":"EntryPoint","urlTemplate":"https:\/\/bromogroup.eu\/de?s={search_term_string}"},"query-input":{"@type":"PropertyValueSpecification","valueRequired":true,"valueName":"search_term_string"}}],"inLanguage":"de"}]}},"_links":{"self":[{"href":"https:\/\/bromogroup.eu\/de\/wp-json\/wp\/v2\/pages\/450","targetHints":{"allow":["GET"]}}],"collection":[{"href":"https:\/\/bromogroup.eu\/de\/wp-json\/wp\/v2\/pages"}],"about":[{"href":"https:\/\/bromogroup.eu\/de\/wp-json\/wp\/v2\/types\/page"}],"author":[{"embeddable":true,"href":"https:\/\/bromogroup.eu\/de\/wp-json\/wp\/v2\/users\/1"}],"replies":[{"embeddable":true,"href":"https:\/\/bromogroup.eu\/de\/wp-json\/wp\/v2\/comments?post=450"}],"version-history":[{"count":0,"href":"https:\/\/bromogroup.eu\/de\/wp-json\/wp\/v2\/pages\/450\/revisions"}],"wp:attachment":[{"href":"https:\/\/bromogroup.eu\/de\/wp-json\/wp\/v2\/media?parent=450"}],"curies":[{"name":"wp","href":"https:\/\/api.w.org\/{rel}","templated":true}]}}